{"id":3890,"date":"2016-06-02T18:53:41","date_gmt":"2016-06-02T18:53:41","guid":{"rendered":"http:\/\/www.jia-dev.com\/martavalera\/es\/?page_id=3890"},"modified":"2016-06-06T11:23:48","modified_gmt":"2016-06-06T11:23:48","slug":"blog","status":"publish","type":"page","link":"https:\/\/martavalera.com\/es\/blog\/","title":{"rendered":"Blog"},"content":{"rendered":"<p>[vc_row rt_row_background_width=\u00bbfullwidth\u00bb rt_row_content_width=\u00bbdefault\u00bb rt_row_style=\u00bbdefault-style\u00bb rt_row_borders=\u00bb\u00bb rt_row_shadows=\u00bb\u00bb rt_row_paddings=\u00bbtrue\u00bb rt_bg_effect=\u00bbclassic\u00bb rt_bg_image_repeat=\u00bbrepeat\u00bb rt_bg_size=\u00bbauto auto\u00bb rt_bg_position=\u00bbright top\u00bb rt_bg_attachment=\u00bbscroll\u00bb rt_bg_video_format=\u00bbself-hosted\u00bb rt_row_width=\u00bbdefault\u00bb rt_padding_top=\u00bb50&#8243; rt_padding_bottom=\u00bb50&#8243; rt_grid=\u00bb\u00bb][vc_column width=\u00bb2\/3&#8243; rt_column_shadow=\u00bb\u00bb rt_bg_image_repeat=\u00bbrepeat\u00bb rt_bg_size=\u00bbauto auto\u00bb rt_bg_attachment=\u00bbscroll\u00bb]<div class=\"rt_heading_wrapper style-1\">\n\t\t\t\t\t\t<h4 class=\"rt_heading  with_punchline style-1\" ><span class=\"punchline\">de nuestro blog sobre salud<\/span>\u00daLTIMOS ART\u00cdCULOS<\/h4>\n\t\t\t\t\t<\/div>[vc_basic_grid post_type=\u00bbpost\u00bb max_items=\u00bb10&#8243; show_filter=\u00bbyes\u00bb element_width=\u00bb6&#8243; item=\u00bb3574&#8243; grid_id=\u00bbvc_gid:1465027965997-282b8c8a-9bc3-9&#8243; taxonomies=\u00bb83&#8243; filter_source=\u00bbcategory\u00bb][\/vc_column][vc_column width=\u00bb1\/3&#8243; rt_color_set=\u00bbalt-style-1&#8243; rt_column_shadow=\u00bb\u00bb rt_bg_image_repeat=\u00bbrepeat\u00bb rt_bg_size=\u00bbauto auto\u00bb rt_bg_attachment=\u00bbscroll\u00bb rt_bg_color=\u00bb#ffffff\u00bb rt_bg_overlay_color=\u00bb\u00bb rt_padding_top=\u00bb20&#8243; rt_padding_left=\u00bb20px\u00bb rt_padding_right=\u00bb20px\u00bb rt_margin_top=\u00bb120px\u00bb]<div class=\"rt_heading_wrapper style-4\">\n\t\t\t\t\t\t<h5 class=\"rt_heading  with_punchline style-4\"  style=\"color:#04c7d8;\"><span class=\"punchline\" style=\"color:#04c7d8;\">SI QUIERES RECIBIR M\u00c1S ARTICULOS<\/span>SUSCR\u00cdBETE<\/h5>\n\t\t\t\t\t<\/div>\n<div class=\"wpcf7 no-js\" id=\"wpcf7-f3878-o1\" lang=\"ca\" dir=\"ltr\">\n<div class=\"screen-reader-response\"><p role=\"status\" aria-live=\"polite\" aria-atomic=\"true\"><\/p> <ul><\/ul><\/div>\n<form action=\"\/es\/wp-json\/wp\/v2\/pages\/3890#wpcf7-f3878-o1\" method=\"post\" class=\"wpcf7-form init\" aria-label=\"Formulari de contacte\" novalidate=\"novalidate\" data-status=\"init\">\n<div style=\"display: none;\">\n<input type=\"hidden\" name=\"_wpcf7\" value=\"3878\" \/>\n<input type=\"hidden\" name=\"_wpcf7_version\" value=\"5.8.7\" \/>\n<input type=\"hidden\" name=\"_wpcf7_locale\" value=\"ca\" \/>\n<input type=\"hidden\" name=\"_wpcf7_unit_tag\" value=\"wpcf7-f3878-o1\" \/>\n<input type=\"hidden\" name=\"_wpcf7_container_post\" value=\"0\" \/>\n<input type=\"hidden\" name=\"_wpcf7_posted_data_hash\" value=\"\" \/>\n<input type=\"hidden\" name=\"_wpcf7_recaptcha_response\" value=\"\" \/>\n<\/div>\n<p>Tu nombre * <span class=\"wpcf7-form-control-wrap\" data-name=\"your-name\"><input size=\"40\" class=\"wpcf7-form-control wpcf7-text wpcf7-validates-as-required\" aria-required=\"true\" aria-invalid=\"false\" value=\"\" type=\"text\" name=\"your-name\" \/><\/span> y tu email * <span class=\"wpcf7-form-control-wrap\" data-name=\"your-email\"><input size=\"40\" class=\"wpcf7-form-control wpcf7-email wpcf7-validates-as-required wpcf7-text wpcf7-validates-as-email\" aria-required=\"true\" aria-invalid=\"false\" value=\"\" type=\"email\" name=\"your-email\" \/><\/span>\n<\/p>\n<p><br \/>\n<span class=\"wpcf7-form-control-wrap\" data-name=\"acceptance-rgdp\"><span class=\"wpcf7-form-control wpcf7-acceptance\"><span class=\"wpcf7-list-item\"><label><input type=\"checkbox\" name=\"acceptance-rgdp\" value=\"1\" aria-invalid=\"false\" \/><span class=\"wpcf7-list-item-label\">He le\u00eddo y acepto la <a href=\"\/es\/politica-de-privacidad\/\" target=\"_blank\" rel=\"nofollow\">pol\u00edtica de privacidad.<\/a> *<\/span><\/label><\/span><\/span><\/span>\n<\/p>\n<p>\n\n<\/p>\n<p><input class=\"wpcf7-form-control wpcf7-submit has-spinner\" type=\"submit\" value=\"Enviar\" \/>\n<\/p>\n<p><br \/>\n<strong><u>Informaci\u00f3n b\u00e1sica sobre Protecci\u00f3n de Datos<\/u><\/strong>\n<\/p>\n<p><strong>Responsable:<\/strong> Marta Valera Lloveras <a href=\"\/es\/politica-de-privacidad\/\" target=\"_blank\">+info<\/a><br \/>\n<strong>Finalidad:<\/strong> Gestionar el env\u00edo de boletines por correo electr\u00f3nico con informaci\u00f3n y promociones, relacionada con las terapias expuestas en la web www.martavalera.com <a href=\"\/es\/politica-de-privacidad\/\" target=\"_blank\">+info<\/a><br \/>\n<strong>Legitimaci\u00f3n:<\/strong> Consentimiento del interesado <a href=\"\/es\/politica-de-privacidad\/\" target=\"_blank\">+info<\/a><br \/>\n<strong>Destinatarios:<\/strong> Se comunicar\u00e1n los datos a MailChimp para gestionar el env\u00edo de boletines por correo electr\u00f3nico <a href=\"\/es\/politica-de-privacidad\/\" target=\"_blank\">+info<\/a><br \/>\n<strong>Derechos:<\/strong> Tiene el derecho de acceder, rectificar y suprimir estos datos, como otros derechos que tambi\u00e9n se explican en la pol\u00edtica de privacidad <a href=\"\/es\/politica-de-privacidad\/\" target=\"_blank\">+info<\/a><br \/>\n<strong>Conservaci\u00f3n de los datos:<\/strong> Hasta que el usuario solicite su supresi\u00f3n<br \/>\n<strong>Informaci\u00f3n adicional:<\/strong> Puede consultar informaci\u00f3n adicional y detallada sobre la pol\u00edtica de privacidad en <a href=\"\/es\/politica-de-privacidad\/\" target=\"_blank\">http:\/www.martavalera.com\/es\/politica-de-privacidad\/<\/a>\n<\/p><div class=\"wpcf7-response-output\" aria-hidden=\"true\"><\/div>\n<\/form>\n<\/div>\n[vc_widget_sidebar sidebar_id=\u00bbrt-theme-20-sidebar-for-footer-column-3&#8243;][\/vc_column][\/vc_row]<\/p>\n","protected":false},"excerpt":{"rendered":"<p>[vc_row rt_row_background_width=\u00bbfullwidth\u00bb rt_row_content_width=\u00bbdefault\u00bb rt_row_style=\u00bbdefault-style\u00bb rt_row_borders=\u00bb\u00bb rt_row_shadows=\u00bb\u00bb rt_row_paddings=\u00bbtrue\u00bb rt_bg_effect=\u00bbclassic\u00bb rt_bg_image_repeat=\u00bbrepeat\u00bb rt_bg_size=\u00bbauto auto\u00bb rt_bg_position=\u00bbright top\u00bb rt_bg_attachment=\u00bbscroll\u00bb rt_bg_video_format=\u00bbself-hosted\u00bb rt_row_width=\u00bbdefault\u00bb rt_padding_top=\u00bb50&#8243; rt_padding_bottom=\u00bb50&#8243; rt_grid=\u00bb\u00bb][vc_column width=\u00bb2\/3&#8243; rt_column_shadow=\u00bb\u00bb rt_bg_image_repeat=\u00bbrepeat\u00bb rt_bg_size=\u00bbauto auto\u00bb rt_bg_attachment=\u00bbscroll\u00bb][vc_basic_grid post_type=\u00bbpost\u00bb max_items=\u00bb10&#8243; show_filter=\u00bbyes\u00bb element_width=\u00bb6&#8243; item=\u00bb3574&#8243; grid_id=\u00bbvc_gid:1465027965997-282b8c8a-9bc3-9&#8243; taxonomies=\u00bb83&#8243; filter_source=\u00bbcategory\u00bb][\/vc_column][vc_column width=\u00bb1\/3&#8243; rt_color_set=\u00bbalt-style-1&#8243; rt_column_shadow=\u00bb\u00bb rt_bg_image_repeat=\u00bbrepeat\u00bb rt_bg_size=\u00bbauto auto\u00bb rt_bg_attachment=\u00bbscroll\u00bb rt_bg_color=\u00bb#ffffff\u00bb rt_bg_overlay_color=\u00bb\u00bb rt_padding_top=\u00bb20&#8243; rt_padding_left=\u00bb20px\u00bb rt_padding_right=\u00bb20px\u00bb rt_margin_top=\u00bb120px\u00bb][vc_widget_sidebar sidebar_id=\u00bbrt-theme-20-sidebar-for-footer-column-3&#8243;][\/vc_column][\/vc_row&#8230; <a class=\"more-link\" href=\"https:\/\/martavalera.com\/es\/blog\/\">Contin\u00faa leyendo<\/a><\/p>\n","protected":false},"author":1,"featured_media":0,"parent":0,"menu_order":0,"comment_status":"closed","ping_status":"closed","template":"","meta":{"footnotes":""},"class_list":["post-3890","page","type-page","status-publish","hentry"],"yoast_head":"<!-- This site is optimized with the Yoast SEO plugin v20.12 - https:\/\/yoast.com\/wordpress\/plugins\/seo\/ -->\n<title>Blog sobre salud y terapias naturales - Marta Valera<\/title>\n<meta name=\"description\" content=\"En nuestro blog sobre salud y terapias naturales, encontrar\u00e1s art\u00edculos y monogr\u00e1ficos sobre migra\u00f1as, celulitis, metales pesados y muchos m\u00e1s.\" \/>\n<meta name=\"robots\" content=\"index, follow, max-snippet:-1, max-image-preview:large, max-video-preview:-1\" \/>\n<link rel=\"canonical\" href=\"https:\/\/martavalera.com\/es\/blog\/\" \/>\n<meta property=\"og:locale\" content=\"es_ES\" \/>\n<meta property=\"og:type\" content=\"article\" \/>\n<meta property=\"og:title\" content=\"Blog sobre salud y terapias naturales - Marta Valera\" \/>\n<meta property=\"og:description\" content=\"En nuestro blog sobre salud y terapias naturales, encontrar\u00e1s art\u00edculos y monogr\u00e1ficos sobre migra\u00f1as, celulitis, metales pesados y muchos m\u00e1s.\" \/>\n<meta property=\"og:url\" content=\"https:\/\/martavalera.com\/es\/blog\/\" \/>\n<meta property=\"og:site_name\" content=\"Marta Valera\" \/>\n<meta property=\"article:publisher\" content=\"https:\/\/www.facebook.com\/martavaleraterapies\/\" \/>\n<meta property=\"article:modified_time\" content=\"2016-06-06T11:23:48+00:00\" \/>\n<meta name=\"twitter:card\" content=\"summary_large_image\" \/>\n<meta name=\"twitter:label1\" content=\"Tiempo de lectura\" \/>\n\t<meta name=\"twitter:data1\" content=\"1 minuto\" \/>\n<script type=\"application\/ld+json\" class=\"yoast-schema-graph\">{\"@context\":\"https:\/\/schema.org\",\"@graph\":[{\"@type\":\"WebPage\",\"@id\":\"https:\/\/martavalera.com\/es\/blog\/\",\"url\":\"https:\/\/martavalera.com\/es\/blog\/\",\"name\":\"Blog sobre salud y terapias naturales - Marta Valera\",\"isPartOf\":{\"@id\":\"https:\/\/martavalera.com\/#website\"},\"datePublished\":\"2016-06-02T18:53:41+00:00\",\"dateModified\":\"2016-06-06T11:23:48+00:00\",\"description\":\"En nuestro blog sobre salud y terapias naturales, encontrar\u00e1s art\u00edculos y monogr\u00e1ficos sobre migra\u00f1as, celulitis, metales pesados y muchos m\u00e1s.\",\"breadcrumb\":{\"@id\":\"https:\/\/martavalera.com\/es\/blog\/#breadcrumb\"},\"inLanguage\":\"es\",\"potentialAction\":[{\"@type\":\"ReadAction\",\"target\":[\"https:\/\/martavalera.com\/es\/blog\/\"]}]},{\"@type\":\"BreadcrumbList\",\"@id\":\"https:\/\/martavalera.com\/es\/blog\/#breadcrumb\",\"itemListElement\":[{\"@type\":\"ListItem\",\"position\":1,\"name\":\"Inici\",\"item\":\"https:\/\/martavalera.com\/es\/\"},{\"@type\":\"ListItem\",\"position\":2,\"name\":\"Blog\"}]},{\"@type\":\"WebSite\",\"@id\":\"https:\/\/martavalera.com\/#website\",\"url\":\"https:\/\/martavalera.com\/\",\"name\":\"Marta Valera\",\"description\":\"Marta Valera, body therapies\",\"publisher\":{\"@id\":\"https:\/\/martavalera.com\/#organization\"},\"potentialAction\":[{\"@type\":\"SearchAction\",\"target\":{\"@type\":\"EntryPoint\",\"urlTemplate\":\"https:\/\/martavalera.com\/?s={search_term_string}\"},\"query-input\":\"required name=search_term_string\"}],\"inLanguage\":\"es\"},{\"@type\":\"Organization\",\"@id\":\"https:\/\/martavalera.com\/#organization\",\"name\":\"Marta Valera, body therapies\",\"url\":\"https:\/\/martavalera.com\/\",\"logo\":{\"@type\":\"ImageObject\",\"inLanguage\":\"es\",\"@id\":\"https:\/\/martavalera.com\/#\/schema\/logo\/image\/\",\"url\":\"https:\/\/martavalera.com\/wp-content\/uploads\/2016\/05\/Logo_Marta_Valera.png\",\"contentUrl\":\"https:\/\/martavalera.com\/wp-content\/uploads\/2016\/05\/Logo_Marta_Valera.png\",\"width\":290,\"height\":123,\"caption\":\"Marta Valera, body therapies\"},\"image\":{\"@id\":\"https:\/\/martavalera.com\/#\/schema\/logo\/image\/\"},\"sameAs\":[\"https:\/\/www.facebook.com\/martavaleraterapies\/\",\"https:\/\/es.linkedin.com\/in\/marta-valera-lloveras-bb815547\"]}]}<\/script>\n<!-- \/ Yoast SEO plugin. -->","yoast_head_json":{"title":"Blog sobre salud y terapias naturales - Marta Valera","description":"En nuestro blog sobre salud y terapias naturales, encontrar\u00e1s art\u00edculos y monogr\u00e1ficos sobre migra\u00f1as, celulitis, metales pesados y muchos m\u00e1s.","robots":{"index":"index","follow":"follow","max-snippet":"max-snippet:-1","max-image-preview":"max-image-preview:large","max-video-preview":"max-video-preview:-1"},"canonical":"https:\/\/martavalera.com\/es\/blog\/","og_locale":"es_ES","og_type":"article","og_title":"Blog sobre salud y terapias naturales - Marta Valera","og_description":"En nuestro blog sobre salud y terapias naturales, encontrar\u00e1s art\u00edculos y monogr\u00e1ficos sobre migra\u00f1as, celulitis, metales pesados y muchos m\u00e1s.","og_url":"https:\/\/martavalera.com\/es\/blog\/","og_site_name":"Marta Valera","article_publisher":"https:\/\/www.facebook.com\/martavaleraterapies\/","article_modified_time":"2016-06-06T11:23:48+00:00","twitter_card":"summary_large_image","twitter_misc":{"Tiempo de lectura":"1 minuto"},"schema":{"@context":"https:\/\/schema.org","@graph":[{"@type":"WebPage","@id":"https:\/\/martavalera.com\/es\/blog\/","url":"https:\/\/martavalera.com\/es\/blog\/","name":"Blog sobre salud y terapias naturales - Marta Valera","isPartOf":{"@id":"https:\/\/martavalera.com\/#website"},"datePublished":"2016-06-02T18:53:41+00:00","dateModified":"2016-06-06T11:23:48+00:00","description":"En nuestro blog sobre salud y terapias naturales, encontrar\u00e1s art\u00edculos y monogr\u00e1ficos sobre migra\u00f1as, celulitis, metales pesados y muchos m\u00e1s.","breadcrumb":{"@id":"https:\/\/martavalera.com\/es\/blog\/#breadcrumb"},"inLanguage":"es","potentialAction":[{"@type":"ReadAction","target":["https:\/\/martavalera.com\/es\/blog\/"]}]},{"@type":"BreadcrumbList","@id":"https:\/\/martavalera.com\/es\/blog\/#breadcrumb","itemListElement":[{"@type":"ListItem","position":1,"name":"Inici","item":"https:\/\/martavalera.com\/es\/"},{"@type":"ListItem","position":2,"name":"Blog"}]},{"@type":"WebSite","@id":"https:\/\/martavalera.com\/#website","url":"https:\/\/martavalera.com\/","name":"Marta Valera","description":"Marta Valera, body therapies","publisher":{"@id":"https:\/\/martavalera.com\/#organization"},"potentialAction":[{"@type":"SearchAction","target":{"@type":"EntryPoint","urlTemplate":"https:\/\/martavalera.com\/?s={search_term_string}"},"query-input":"required name=search_term_string"}],"inLanguage":"es"},{"@type":"Organization","@id":"https:\/\/martavalera.com\/#organization","name":"Marta Valera, body therapies","url":"https:\/\/martavalera.com\/","logo":{"@type":"ImageObject","inLanguage":"es","@id":"https:\/\/martavalera.com\/#\/schema\/logo\/image\/","url":"https:\/\/martavalera.com\/wp-content\/uploads\/2016\/05\/Logo_Marta_Valera.png","contentUrl":"https:\/\/martavalera.com\/wp-content\/uploads\/2016\/05\/Logo_Marta_Valera.png","width":290,"height":123,"caption":"Marta Valera, body therapies"},"image":{"@id":"https:\/\/martavalera.com\/#\/schema\/logo\/image\/"},"sameAs":["https:\/\/www.facebook.com\/martavaleraterapies\/","https:\/\/es.linkedin.com\/in\/marta-valera-lloveras-bb815547"]}]}},"_links":{"self":[{"href":"https:\/\/martavalera.com\/es\/wp-json\/wp\/v2\/pages\/3890","targetHints":{"allow":["GET"]}}],"collection":[{"href":"https:\/\/martavalera.com\/es\/wp-json\/wp\/v2\/pages"}],"about":[{"href":"https:\/\/martavalera.com\/es\/wp-json\/wp\/v2\/types\/page"}],"author":[{"embeddable":true,"href":"https:\/\/martavalera.com\/es\/wp-json\/wp\/v2\/users\/1"}],"replies":[{"embeddable":true,"href":"https:\/\/martavalera.com\/es\/wp-json\/wp\/v2\/comments?post=3890"}],"version-history":[{"count":9,"href":"https:\/\/martavalera.com\/es\/wp-json\/wp\/v2\/pages\/3890\/revisions"}],"predecessor-version":[{"id":4114,"href":"https:\/\/martavalera.com\/es\/wp-json\/wp\/v2\/pages\/3890\/revisions\/4114"}],"wp:attachment":[{"href":"https:\/\/martavalera.com\/es\/wp-json\/wp\/v2\/media?parent=3890"}],"curies":[{"name":"wp","href":"https:\/\/api.w.org\/{rel}","templated":true}]}}