{"id":3498,"date":"2016-05-18T19:03:31","date_gmt":"2016-05-18T19:03:31","guid":{"rendered":"http:\/\/www.jia-dev.com\/martavalera\/es\/terapies\/"},"modified":"2026-02-04T15:12:42","modified_gmt":"2026-02-04T15:12:42","slug":"terapias","status":"publish","type":"page","link":"https:\/\/martavalera.com\/es\/terapias\/","title":{"rendered":"Terapias"},"content":{"rendered":"<p>[vc_row rt_row_background_width=\u00bbfullwidth\u00bb rt_row_content_width=\u00bbdefault\u00bb rt_row_style=\u00bbalt-style-1&#8243; rt_row_borders=\u00bb\u00bb rt_row_shadows=\u00bbtop,bottom\u00bb rt_column_view=\u00bbboxed_columns\u00bb rt_row_paddings=\u00bbtrue\u00bb rt_bg_effect=\u00bbclassic\u00bb rt_bg_image_repeat=\u00bbrepeat\u00bb rt_bg_size=\u00bbcover\u00bb rt_bg_position=\u00bbright top\u00bb rt_bg_attachment=\u00bbscroll\u00bb rt_bg_video_format=\u00bbself-hosted\u00bb rt_grid=\u00bb\u00bb rt_padding_top=\u00bb40&#8243; rt_padding_bottom=\u00bb40&#8243;][vc_column width=\u00bb1\/3&#8243; rt_column_shadow=\u00bb\u00bb rt_bg_holder=\u00bbwrapper\u00bb rt_bg_image_repeat=\u00bbrepeat\u00bb rt_bg_size=\u00bbcover\u00bb rt_bg_attachment=\u00bbscroll\u00bb rt_bg_color=\u00bb\u00bb]<article  class=\"image-content-box content-box box-style-1 left\"><div class=\"featured_image_holder\"><a href=\"\/es\/product-details\/quiromasaje\/\" title=\"M\u00e1s informaci\u00f3n\" target=\"_self\"><img decoding=\"async\" class=\"img-responsive\" src=\"https:\/\/martavalera.com\/wp-content\/uploads\/2016\/05\/marta-valera-tecnica-nimo.jpg\" alt=\"Masaje en la esplanda aplicando la t\u00e9cnica nimmo\" \/><\/a><\/div><div class=\"text-holder\">\n\t<h4 class=\"heading\" >\n\t\t<a href=\"\/es\/product-details\/quiromasaje\/\" title=\"Quiromasaje\" target=\"_self\" >\n\t\t\tQuiromasaje\n\t\t<\/a>\n\t<\/h4> <p>Con un masaje se pueden tratar dolores musculares (lumbalgias, esguinces, contracturas), liberar el estr\u00e9s, combatir la celulitis o descargar las piernas.<\/p>\n<p><em>Precio: 40\u20ac<\/em><\/p>\n<a class=\"read_more\" href=\"\/es\/product-details\/quiromasaje\/\" title=\"M\u00e1s informaci\u00f3n\" target=\"_self\" >M\u00e1s informaci\u00f3n<\/a><\/div><\/article>[\/vc_column][vc_column width=\u00bb1\/3&#8243; rt_column_shadow=\u00bb\u00bb rt_bg_image_repeat=\u00bbrepeat\u00bb rt_bg_size=\u00bbauto auto\u00bb rt_bg_attachment=\u00bbscroll\u00bb]<article  class=\"image-content-box content-box box-style-1 left\"><div class=\"featured_image_holder\"><a href=\"\/es\/product-details\/reflexologia-podal\/\" title=\"M\u00e1s informaci\u00f3n\" target=\"_self\"><img decoding=\"async\" class=\"img-responsive\" src=\"https:\/\/martavalera.com\/wp-content\/uploads\/2016\/05\/marta-valera-reflexologia-podal-1.jpg\" alt=\"Tractament de reflexologia podal\" \/><\/a><\/div><div class=\"text-holder\">\n\t<h4 class=\"heading\" >\n\t\t<a href=\"\/es\/product-details\/reflexologia-podal\/\" title=\"Reflexolog\u00eda Podal\" target=\"_self\" >\n\t\t\tReflexolog\u00eda Podal\n\t\t<\/a>\n\t<\/h4> <p>La liberaci\u00f3n de tensi\u00f3n hace disminuir la presi\u00f3n sobre el nervio y mejora el flujo sangu\u00edneo, aportando nutrientes a todas las partes del organismo.<\/p>\n<p><em>Precio: 35\u20ac<\/em><\/p>\n<div><\/div>\n<a class=\"read_more\" href=\"\/es\/product-details\/reflexologia-podal\/\" title=\"M\u00e1s informaci\u00f3n\" target=\"_self\" >M\u00e1s informaci\u00f3n<\/a><\/div><\/article>[\/vc_column][vc_column width=\u00bb1\/3&#8243; rt_column_shadow=\u00bb\u00bb rt_bg_image_repeat=\u00bbrepeat\u00bb rt_bg_size=\u00bbauto auto\u00bb rt_bg_attachment=\u00bbscroll\u00bb]<article  class=\"image-content-box content-box box-style-1 left\"><div class=\"featured_image_holder\"><a href=\"\/es\/terapia\/craneosacral-obstetrica-y-pediatrica\/\" title=\"M\u00e1s informaci\u00f3n\" target=\"_self\"><img decoding=\"async\" class=\"img-responsive\" src=\"https:\/\/martavalera.com\/wp-content\/uploads\/2025\/09\/terapia-craneosacral-granollers.jpeg\" alt=\"terapia craneosacral granollers\" \/><\/a><\/div><div class=\"text-holder\">\n\t<h4 class=\"heading\" >\n\t\t<a href=\"\/es\/terapia\/craneosacral-obstetrica-y-pediatrica\/\" title=\"Biodin\u00e1mica CraneoSacral Obst\u00e9trica y Pedi\u00e1trica\" target=\"_self\" >\n\t\t\tBiodin\u00e1mica CraneoSacral Obst\u00e9trica y Pedi\u00e1trica\n\t\t<\/a>\n\t<\/h4> <p>Lo que buscamos con la terapia biodin\u00e1mica craneosacral es relajar las estructuras para desbloquear las posibles alteraciones que puedan estar causando alg\u00fan bloqueo o restricci\u00f3n en los distintos sistemas del organismo: respiratorio, nervioso, circulatorio, digestivo o inmunol\u00f3gico, entre otros.<\/p>\n<p><em>Precio: 40\u20ac<\/em><\/p>\n<a class=\"read_more\" href=\"\/es\/terapia\/craneosacral-obstetrica-y-pediatrica\/\" title=\"M\u00e1s informaci\u00f3n\" target=\"_self\" >M\u00e1s informaci\u00f3n<\/a><\/div><\/article>[\/vc_column][\/vc_row][vc_row rt_row_background_width=\u00bbfullwidth\u00bb rt_row_content_width=\u00bbdefault\u00bb rt_row_style=\u00bbalt-style-1&#8243; rt_row_borders=\u00bb\u00bb rt_row_shadows=\u00bbtop,bottom\u00bb rt_column_view=\u00bbboxed_columns\u00bb rt_row_paddings=\u00bbtrue\u00bb rt_bg_effect=\u00bbclassic\u00bb rt_bg_image_repeat=\u00bbrepeat\u00bb rt_bg_size=\u00bbcover\u00bb rt_bg_position=\u00bbright top\u00bb rt_bg_attachment=\u00bbscroll\u00bb rt_bg_video_format=\u00bbself-hosted\u00bb rt_grid=\u00bb\u00bb rt_padding_top=\u00bb40&#8243; rt_padding_bottom=\u00bb40&#8243;][vc_column width=\u00bb1\/4&#8243; rt_column_shadow=\u00bb\u00bb rt_bg_holder=\u00bbwrapper\u00bb rt_bg_image_repeat=\u00bbrepeat\u00bb rt_bg_size=\u00bbcover\u00bb rt_bg_attachment=\u00bbscroll\u00bb rt_bg_color=\u00bb\u00bb]<article  class=\"image-content-box content-box box-style-1 left\"><div class=\"featured_image_holder\"><a href=\"\/es\/product-details\/kinesiologia-holistica\/\" title=\"M\u00e1s informaci\u00f3m\" target=\"_self\"><img decoding=\"async\" class=\"img-responsive\" src=\"https:\/\/martavalera.com\/wp-content\/uploads\/2016\/05\/marta-valera-kinesiologia-intolerancias-alimentarias.jpg\" alt=\"Tractament de kinesiologia holistica\" \/><\/a><\/div><div class=\"text-holder\">\n\t<h4 class=\"heading\" >\n\t\t<a href=\"\/es\/product-details\/kinesiologia-holistica\/\" title=\"Kinesiolog\u00eda Hol\u00edstica\" target=\"_self\" >\n\t\t\tKinesiolog\u00eda Hol\u00edstica\n\t\t<\/a>\n\t<\/h4> <p>Se basa en un test muscular denominado AR (Arm Reflex) con el que se obtiene informaci\u00f3n de los diferentes desequilibrios que puede tener el organismo.<\/p>\n<p><em>Precio: 45\u20ac<\/em><\/p>\n<a class=\"read_more\" href=\"\/es\/product-details\/kinesiologia-holistica\/\" title=\"M\u00e1s informaci\u00f3m\" target=\"_self\" >M\u00e1s informaci\u00f3m<\/a><\/div><\/article>[\/vc_column][vc_column width=\u00bb1\/4&#8243; rt_column_shadow=\u00bb\u00bb rt_bg_image_repeat=\u00bbrepeat\u00bb rt_bg_size=\u00bbauto auto\u00bb rt_bg_attachment=\u00bbscroll\u00bb]<article  class=\"image-content-box content-box box-style-1 left\"><div class=\"featured_image_holder\"><a href=\"\/es\/product-details\/piedras-calientes\/\" title=\"M\u00e1s informaci\u00f3n\" target=\"_self\"><img decoding=\"async\" class=\"img-responsive\" src=\"https:\/\/martavalera.com\/wp-content\/uploads\/2016\/05\/marta-valera-pedres-calentes.jpg\" alt=\"Tractament amb pedress calentes\" \/><\/a><\/div><div class=\"text-holder\">\n\t<h4 class=\"heading\" >\n\t\t<a href=\"\/es\/product-details\/piedras-calientes\/\" title=\"Piedras Calientes\" target=\"_self\" >\n\t\t\tPiedras Calientes\n\t\t<\/a>\n\t<\/h4> <p>El masaje consiste en recorrer los canales linf\u00e1ticos y energ\u00e9ticos estimul\u00e1ndolos con el calor de las piedras y as\u00ed obteniendo una relajaci\u00f3n profunda.<\/p>\n<p><em>Precio: 45\u20ac<\/em><\/p>\n<a class=\"read_more\" href=\"\/es\/product-details\/piedras-calientes\/\" title=\"M\u00e1s informaci\u00f3n\" target=\"_self\" >M\u00e1s informaci\u00f3n<\/a><\/div><\/article>[\/vc_column][vc_column width=\u00bb1\/4&#8243; rt_column_shadow=\u00bb\u00bb rt_bg_image_repeat=\u00bbrepeat\u00bb rt_bg_size=\u00bbauto auto\u00bb rt_bg_attachment=\u00bbscroll\u00bb]<article  class=\"image-content-box content-box box-style-1 left\"><div class=\"featured_image_holder\"><a href=\"\/es\/product-details\/reiki\/\" title=\"M\u00e1s informaci\u00f3n\" target=\"_self\"><img decoding=\"async\" class=\"img-responsive\" src=\"https:\/\/martavalera.com\/wp-content\/uploads\/2016\/05\/marta-valera-reiki.jpg\" alt=\"Tractament de reiki i gemes\" \/><\/a><\/div><div class=\"text-holder\">\n\t<h4 class=\"heading\" >\n\t\t<a href=\"\/es\/product-details\/reiki\/\" title=\"Reiki\" target=\"_self\" >\n\t\t\tReiki\n\t\t<\/a>\n\t<\/h4> <p>Para eliminar los bloqueos energ\u00e9ticos y recargar la energ\u00eda del cuerpo, consiguiendo equilibrarnos y relajarnos.<\/p>\n<p><em>Precio: 40\u20ac<\/em><\/p>\n<a class=\"read_more\" href=\"\/es\/product-details\/reiki\/\" title=\"M\u00e1s informaci\u00f3n\" target=\"_self\" >M\u00e1s informaci\u00f3n<\/a><\/div><\/article>[\/vc_column][vc_column width=\u00bb1\/4&#8243; rt_column_shadow=\u00bb\u00bb rt_bg_image_repeat=\u00bbrepeat\u00bb rt_bg_size=\u00bbauto auto\u00bb rt_bg_attachment=\u00bbscroll\u00bb]<article  class=\"image-content-box content-box box-style-1 left\"><div class=\"featured_image_holder\"><a href=\"https:\/\/martavalera.com\/es\/terapia\/barres-daccess-consciousness\/\" title=\"M\u00e1s informaci\u00f3n\" target=\"_self\"><img decoding=\"async\" class=\"img-responsive\" src=\"https:\/\/martavalera.com\/wp-content\/uploads\/2016\/05\/marta-valera-masaje-craneal.jpg\" alt=\"Masaje craneal contra la migranya\" \/><\/a><\/div><div class=\"text-holder\">\n\t<h4 class=\"heading\" >\n\t\t<a href=\"https:\/\/martavalera.com\/es\/terapia\/barres-daccess-consciousness\/\" title=\"Barras de Access Consciousness\" target=\"_self\" >\n\t\t\tBarras de Access Consciousness\n\t\t<\/a>\n\t<\/h4> <p>Las barras de Access Consciousness son un conjunto de herramientas y t\u00e9cnicas aplicadas a la cabeza para liberar los bloqueos que te impiden crear la vida que desees.<\/p>\n<p><em>Precio: 40\u20ac<\/em><\/p>\n<a class=\"read_more\" href=\"https:\/\/martavalera.com\/es\/terapia\/barres-daccess-consciousness\/\" title=\"M\u00e1s informaci\u00f3n\" target=\"_self\" >M\u00e1s informaci\u00f3n<\/a><\/div><\/article>[\/vc_column][\/vc_row][vc_row rt_row_background_width=\u00bbfullwidth\u00bb rt_row_content_width=\u00bbdefault\u00bb rt_row_style=\u00bbalt-style-1&#8243; rt_row_borders=\u00bb\u00bb rt_row_shadows=\u00bbtop,bottom\u00bb rt_column_view=\u00bbboxed_columns\u00bb rt_row_paddings=\u00bbtrue\u00bb rt_bg_effect=\u00bbclassic\u00bb rt_bg_image_repeat=\u00bbrepeat\u00bb rt_bg_size=\u00bbcover\u00bb rt_bg_position=\u00bbright top\u00bb rt_bg_attachment=\u00bbscroll\u00bb rt_bg_video_format=\u00bbself-hosted\u00bb rt_grid=\u00bb\u00bb rt_padding_top=\u00bb40&#8243; rt_padding_bottom=\u00bb40&#8243;][vc_column width=\u00bb1\/2&#8243; rt_column_shadow=\u00bb\u00bb rt_bg_image_repeat=\u00bbrepeat\u00bb rt_bg_size=\u00bbauto auto\u00bb rt_bg_attachment=\u00bbscroll\u00bb][vc_text_separator title=\u00bbReserva ahora la terapia que m\u00e1s te guste.\u00bb i_icon_fontawesome=\u00bbfa fa-calendar\u00bb i_color=\u00bbblack\u00bb title_align=\u00bbseparator_align_left\u00bb add_icon=\u00bbtrue\u00bb]\n<div class=\"wpcf7 no-js\" id=\"wpcf7-f3877-o1\" lang=\"ca\" dir=\"ltr\">\n<div class=\"screen-reader-response\"><p role=\"status\" aria-live=\"polite\" aria-atomic=\"true\"><\/p> <ul><\/ul><\/div>\n<form action=\"\/es\/wp-json\/wp\/v2\/pages\/3498#wpcf7-f3877-o1\" method=\"post\" class=\"wpcf7-form init\" aria-label=\"Formulari de contacte\" novalidate=\"novalidate\" data-status=\"init\">\n<div style=\"display: none;\">\n<input type=\"hidden\" name=\"_wpcf7\" value=\"3877\" \/>\n<input type=\"hidden\" name=\"_wpcf7_version\" value=\"5.8.7\" \/>\n<input type=\"hidden\" name=\"_wpcf7_locale\" value=\"ca\" \/>\n<input type=\"hidden\" name=\"_wpcf7_unit_tag\" value=\"wpcf7-f3877-o1\" \/>\n<input type=\"hidden\" name=\"_wpcf7_container_post\" value=\"0\" \/>\n<input type=\"hidden\" name=\"_wpcf7_posted_data_hash\" value=\"\" \/>\n<input type=\"hidden\" name=\"_wpcf7_recaptcha_response\" value=\"\" \/>\n<\/div>\n<p>Tu nombre *\n<\/p>\n<p><span class=\"wpcf7-form-control-wrap\" data-name=\"your-name\"><input size=\"40\" class=\"wpcf7-form-control wpcf7-text wpcf7-validates-as-required\" aria-required=\"true\" aria-invalid=\"false\" value=\"\" type=\"text\" name=\"your-name\" \/><\/span>\n<\/p>\n<p>Tu email *\n<\/p>\n<p><span class=\"wpcf7-form-control-wrap\" data-name=\"your-email\"><input size=\"40\" class=\"wpcf7-form-control wpcf7-email wpcf7-validates-as-required wpcf7-text wpcf7-validates-as-email\" aria-required=\"true\" aria-invalid=\"false\" value=\"\" type=\"email\" name=\"your-email\" \/><\/span>\n<\/p>\n<p>Tu m\u00f3vil\n<\/p>\n<p><span class=\"wpcf7-form-control-wrap\" data-name=\"telefon\"><input size=\"40\" class=\"wpcf7-form-control wpcf7-tel wpcf7-text wpcf7-validates-as-tel\" aria-invalid=\"false\" value=\"\" type=\"tel\" name=\"telefon\" \/><\/span>\n<\/p>\n<p>Preferencias de contacto:<br \/>\n<span class=\"wpcf7-form-control-wrap\" data-name=\"radio-807\"><span class=\"wpcf7-form-control wpcf7-radio\"><span class=\"wpcf7-list-item first\"><input type=\"radio\" name=\"radio-807\" value=\"Llamada\" checked=\"checked\" \/><span class=\"wpcf7-list-item-label\">Llamada<\/span><\/span><span class=\"wpcf7-list-item\"><input type=\"radio\" name=\"radio-807\" value=\"Whatsapp\" \/><span class=\"wpcf7-list-item-label\">Whatsapp<\/span><\/span><span class=\"wpcf7-list-item last\"><input type=\"radio\" name=\"radio-807\" value=\"Email\" \/><span class=\"wpcf7-list-item-label\">Email<\/span><\/span><\/span><\/span>\n<\/p>\n<p>Tu mensaje\n<\/p>\n<p><span class=\"wpcf7-form-control-wrap\" data-name=\"your-message\"><textarea cols=\"40\" rows=\"10\" class=\"wpcf7-form-control wpcf7-textarea\" aria-invalid=\"false\" name=\"your-message\"><\/textarea><\/span>\n<\/p>\n<p><br \/>\n<span class=\"wpcf7-form-control-wrap\" data-name=\"acceptance-rgdp\"><span class=\"wpcf7-form-control wpcf7-acceptance\"><span class=\"wpcf7-list-item\"><label><input type=\"checkbox\" name=\"acceptance-rgdp\" value=\"1\" aria-invalid=\"false\" \/><span class=\"wpcf7-list-item-label\">He le\u00eddo y acepto la <a href=\"\/es\/politica-de-privacidad\/\" target=\"_blank\" rel=\"nofollow\">pol\u00edtica de privacidad<\/a> *<\/span><\/label><\/span><\/span><\/span>\n<\/p>\n<p>\n\n<\/p>\n<p><input class=\"wpcf7-form-control wpcf7-submit has-spinner\" type=\"submit\" value=\"Enviar\" \/>\n<\/p>\n<p><br \/>\n<strong><u>Informaci\u00f3n b\u00e1sica sobre Protecci\u00f3n de Datos<\/u><\/strong>\n<\/p>\n<p><strong>Responsable:<\/strong> Marta Valera Lloveras <a href=\"\/es\/politica-de-privacidad\/\" target=\"_blank\">+info<\/a><br \/>\n<strong>Finalidad:<\/strong> Solicitar informaci\u00f3n y reservar hora para alguna de nuestras terapias <a href=\"\/es\/politica-de-privacidad\/\" target=\"_blank\">+info<\/a><br \/>\n<strong>Legitimaci\u00f3n:<\/strong> Consentimiento del interesado <a href=\"\/es\/politica-de-privacidad\/\" target=\"_blank\">+info<\/a><br \/>\n<strong>Destinatarios:<\/strong> La petici\u00f3n de reserva generar\u00e1 un correo electr\u00f3nico a info@martavlera.com que se mantendr\u00e1 en los servidores de 1&1 Internet Espa\u00f1a S.L.U. <a href=\"\/es\/politica-de-privacidad\/\" target=\"_blank\">+info<\/a><br \/>\n<strong>Derechos:<\/strong> Tiene el derecho de acceder, rectificar y suprimir estos datos, como otros derechos que tambi\u00e9n se explican en la pol\u00edtica de privacidad <a href=\"\/es\/politica-de-privacidad\/\" target=\"_blank\">+info<\/a><br \/>\n<strong>Conservaci\u00f3n de los datos:<\/strong> Hasta que el usuario solicite su supresi\u00f3n<br \/>\n<strong>Informaci\u00f3n adicional:<\/strong> Puede consultar informaci\u00f3n adicional y detallada sobre la pol\u00edtica de privacidad en <a href=\"\/es\/politica-de-privacidad\/\" target=\"_blank\">http:\/www.martavalera.com\/es\/politica-de-privacidad\/<\/a>\n<\/p><div class=\"wpcf7-response-output\" aria-hidden=\"true\"><\/div>\n<\/form>\n<\/div>\n[\/vc_column][\/vc_row]<\/p>\n","protected":false},"excerpt":{"rendered":"<p>[vc_row rt_row_background_width=\u00bbfullwidth\u00bb rt_row_content_width=\u00bbdefault\u00bb rt_row_style=\u00bbalt-style-1&#8243; rt_row_borders=\u00bb\u00bb rt_row_shadows=\u00bbtop,bottom\u00bb rt_column_view=\u00bbboxed_columns\u00bb rt_row_paddings=\u00bbtrue\u00bb rt_bg_effect=\u00bbclassic\u00bb rt_bg_image_repeat=\u00bbrepeat\u00bb rt_bg_size=\u00bbcover\u00bb rt_bg_position=\u00bbright top\u00bb rt_bg_attachment=\u00bbscroll\u00bb rt_bg_video_format=\u00bbself-hosted\u00bb rt_grid=\u00bb\u00bb rt_padding_top=\u00bb40&#8243; rt_padding_bottom=\u00bb40&#8243;][vc_column width=\u00bb1\/3&#8243; rt_column_shadow=\u00bb\u00bb rt_bg_holder=\u00bbwrapper\u00bb rt_bg_image_repeat=\u00bbrepeat\u00bb rt_bg_size=\u00bbcover\u00bb rt_bg_attachment=\u00bbscroll\u00bb rt_bg_color=\u00bb\u00bb][\/vc_column][vc_column width=\u00bb1\/3&#8243; rt_column_shadow=\u00bb\u00bb rt_bg_image_repeat=\u00bbrepeat\u00bb rt_bg_size=\u00bbauto auto\u00bb rt_bg_attachment=\u00bbscroll\u00bb][\/vc_column][vc_column width=\u00bb1\/3&#8243; rt_column_shadow=\u00bb\u00bb rt_bg_image_repeat=\u00bbrepeat\u00bb rt_bg_size=\u00bbauto auto\u00bb rt_bg_attachment=\u00bbscroll\u00bb][\/vc_column][\/vc_row][vc_row rt_row_background_width=\u00bbfullwidth\u00bb rt_row_content_width=\u00bbdefault\u00bb rt_row_style=\u00bbalt-style-1&#8243; rt_row_borders=\u00bb\u00bb rt_row_shadows=\u00bbtop,bottom\u00bb rt_column_view=\u00bbboxed_columns\u00bb rt_row_paddings=\u00bbtrue\u00bb rt_bg_effect=\u00bbclassic\u00bb rt_bg_image_repeat=\u00bbrepeat\u00bb rt_bg_size=\u00bbcover\u00bb rt_bg_position=\u00bbright top\u00bb rt_bg_attachment=\u00bbscroll\u00bb rt_bg_video_format=\u00bbself-hosted\u00bb rt_grid=\u00bb\u00bb rt_padding_top=\u00bb40&#8243; rt_padding_bottom=\u00bb40&#8243;][vc_column width=\u00bb1\/4&#8243; &#8230; <a class=\"more-link\" href=\"https:\/\/martavalera.com\/es\/terapias\/\">Contin\u00faa leyendo<\/a><\/p>\n","protected":false},"author":1,"featured_media":0,"parent":0,"menu_order":0,"comment_status":"closed","ping_status":"closed","template":"","meta":{"footnotes":""},"class_list":["post-3498","page","type-page","status-publish","hentry"],"yoast_head":"<!-- This site is optimized with the Yoast SEO plugin v20.12 - https:\/\/yoast.com\/wordpress\/plugins\/seo\/ -->\n<title>Terapias naturales para tu cuerpo - Marta Valera<\/title>\n<meta name=\"description\" content=\"Quiromasaje, masaje tailand\u00e9s, reiki, kinesiologia, presoterapia y muchas otras terapias naturales para tu bienestar. Vis\u00edtanos\" \/>\n<meta name=\"robots\" content=\"index, follow, max-snippet:-1, max-image-preview:large, max-video-preview:-1\" \/>\n<link rel=\"canonical\" href=\"https:\/\/martavalera.com\/es\/terapias\/\" \/>\n<meta property=\"og:locale\" content=\"es_ES\" \/>\n<meta property=\"og:type\" content=\"article\" \/>\n<meta property=\"og:title\" content=\"Terapias naturales para tu cuerpo - Marta Valera\" \/>\n<meta property=\"og:description\" content=\"Quiromasaje, masaje tailand\u00e9s, reiki, kinesiologia, presoterapia y muchas otras terapias naturales para tu bienestar. Vis\u00edtanos\" \/>\n<meta property=\"og:url\" content=\"https:\/\/martavalera.com\/es\/terapias\/\" \/>\n<meta property=\"og:site_name\" content=\"Marta Valera\" \/>\n<meta property=\"article:publisher\" content=\"https:\/\/www.facebook.com\/martavaleraterapies\/\" \/>\n<meta property=\"article:modified_time\" content=\"2026-02-04T15:12:42+00:00\" \/>\n<meta name=\"twitter:card\" content=\"summary_large_image\" \/>\n<meta name=\"twitter:label1\" content=\"Tiempo de lectura\" \/>\n\t<meta name=\"twitter:data1\" content=\"3 minutos\" \/>\n<script type=\"application\/ld+json\" class=\"yoast-schema-graph\">{\"@context\":\"https:\/\/schema.org\",\"@graph\":[{\"@type\":\"WebPage\",\"@id\":\"https:\/\/martavalera.com\/es\/terapias\/\",\"url\":\"https:\/\/martavalera.com\/es\/terapias\/\",\"name\":\"Terapias naturales para tu cuerpo - Marta Valera\",\"isPartOf\":{\"@id\":\"https:\/\/martavalera.com\/#website\"},\"datePublished\":\"2016-05-18T19:03:31+00:00\",\"dateModified\":\"2026-02-04T15:12:42+00:00\",\"description\":\"Quiromasaje, masaje tailand\u00e9s, reiki, kinesiologia, presoterapia y muchas otras terapias naturales para tu bienestar. Vis\u00edtanos\",\"breadcrumb\":{\"@id\":\"https:\/\/martavalera.com\/es\/terapias\/#breadcrumb\"},\"inLanguage\":\"es\",\"potentialAction\":[{\"@type\":\"ReadAction\",\"target\":[\"https:\/\/martavalera.com\/es\/terapias\/\"]}]},{\"@type\":\"BreadcrumbList\",\"@id\":\"https:\/\/martavalera.com\/es\/terapias\/#breadcrumb\",\"itemListElement\":[{\"@type\":\"ListItem\",\"position\":1,\"name\":\"Inici\",\"item\":\"https:\/\/martavalera.com\/es\/\"},{\"@type\":\"ListItem\",\"position\":2,\"name\":\"Terapias\"}]},{\"@type\":\"WebSite\",\"@id\":\"https:\/\/martavalera.com\/#website\",\"url\":\"https:\/\/martavalera.com\/\",\"name\":\"Marta Valera\",\"description\":\"Marta Valera, body therapies\",\"publisher\":{\"@id\":\"https:\/\/martavalera.com\/#organization\"},\"potentialAction\":[{\"@type\":\"SearchAction\",\"target\":{\"@type\":\"EntryPoint\",\"urlTemplate\":\"https:\/\/martavalera.com\/?s={search_term_string}\"},\"query-input\":\"required name=search_term_string\"}],\"inLanguage\":\"es\"},{\"@type\":\"Organization\",\"@id\":\"https:\/\/martavalera.com\/#organization\",\"name\":\"Marta Valera, body therapies\",\"url\":\"https:\/\/martavalera.com\/\",\"logo\":{\"@type\":\"ImageObject\",\"inLanguage\":\"es\",\"@id\":\"https:\/\/martavalera.com\/#\/schema\/logo\/image\/\",\"url\":\"https:\/\/martavalera.com\/wp-content\/uploads\/2016\/05\/Logo_Marta_Valera.png\",\"contentUrl\":\"https:\/\/martavalera.com\/wp-content\/uploads\/2016\/05\/Logo_Marta_Valera.png\",\"width\":290,\"height\":123,\"caption\":\"Marta Valera, body therapies\"},\"image\":{\"@id\":\"https:\/\/martavalera.com\/#\/schema\/logo\/image\/\"},\"sameAs\":[\"https:\/\/www.facebook.com\/martavaleraterapies\/\",\"https:\/\/es.linkedin.com\/in\/marta-valera-lloveras-bb815547\"]}]}<\/script>\n<!-- \/ Yoast SEO plugin. -->","yoast_head_json":{"title":"Terapias naturales para tu cuerpo - Marta Valera","description":"Quiromasaje, masaje tailand\u00e9s, reiki, kinesiologia, presoterapia y muchas otras terapias naturales para tu bienestar. Vis\u00edtanos","robots":{"index":"index","follow":"follow","max-snippet":"max-snippet:-1","max-image-preview":"max-image-preview:large","max-video-preview":"max-video-preview:-1"},"canonical":"https:\/\/martavalera.com\/es\/terapias\/","og_locale":"es_ES","og_type":"article","og_title":"Terapias naturales para tu cuerpo - Marta Valera","og_description":"Quiromasaje, masaje tailand\u00e9s, reiki, kinesiologia, presoterapia y muchas otras terapias naturales para tu bienestar. Vis\u00edtanos","og_url":"https:\/\/martavalera.com\/es\/terapias\/","og_site_name":"Marta Valera","article_publisher":"https:\/\/www.facebook.com\/martavaleraterapies\/","article_modified_time":"2026-02-04T15:12:42+00:00","twitter_card":"summary_large_image","twitter_misc":{"Tiempo de lectura":"3 minutos"},"schema":{"@context":"https:\/\/schema.org","@graph":[{"@type":"WebPage","@id":"https:\/\/martavalera.com\/es\/terapias\/","url":"https:\/\/martavalera.com\/es\/terapias\/","name":"Terapias naturales para tu cuerpo - Marta Valera","isPartOf":{"@id":"https:\/\/martavalera.com\/#website"},"datePublished":"2016-05-18T19:03:31+00:00","dateModified":"2026-02-04T15:12:42+00:00","description":"Quiromasaje, masaje tailand\u00e9s, reiki, kinesiologia, presoterapia y muchas otras terapias naturales para tu bienestar. Vis\u00edtanos","breadcrumb":{"@id":"https:\/\/martavalera.com\/es\/terapias\/#breadcrumb"},"inLanguage":"es","potentialAction":[{"@type":"ReadAction","target":["https:\/\/martavalera.com\/es\/terapias\/"]}]},{"@type":"BreadcrumbList","@id":"https:\/\/martavalera.com\/es\/terapias\/#breadcrumb","itemListElement":[{"@type":"ListItem","position":1,"name":"Inici","item":"https:\/\/martavalera.com\/es\/"},{"@type":"ListItem","position":2,"name":"Terapias"}]},{"@type":"WebSite","@id":"https:\/\/martavalera.com\/#website","url":"https:\/\/martavalera.com\/","name":"Marta Valera","description":"Marta Valera, body therapies","publisher":{"@id":"https:\/\/martavalera.com\/#organization"},"potentialAction":[{"@type":"SearchAction","target":{"@type":"EntryPoint","urlTemplate":"https:\/\/martavalera.com\/?s={search_term_string}"},"query-input":"required name=search_term_string"}],"inLanguage":"es"},{"@type":"Organization","@id":"https:\/\/martavalera.com\/#organization","name":"Marta Valera, body therapies","url":"https:\/\/martavalera.com\/","logo":{"@type":"ImageObject","inLanguage":"es","@id":"https:\/\/martavalera.com\/#\/schema\/logo\/image\/","url":"https:\/\/martavalera.com\/wp-content\/uploads\/2016\/05\/Logo_Marta_Valera.png","contentUrl":"https:\/\/martavalera.com\/wp-content\/uploads\/2016\/05\/Logo_Marta_Valera.png","width":290,"height":123,"caption":"Marta Valera, body therapies"},"image":{"@id":"https:\/\/martavalera.com\/#\/schema\/logo\/image\/"},"sameAs":["https:\/\/www.facebook.com\/martavaleraterapies\/","https:\/\/es.linkedin.com\/in\/marta-valera-lloveras-bb815547"]}]}},"_links":{"self":[{"href":"https:\/\/martavalera.com\/es\/wp-json\/wp\/v2\/pages\/3498","targetHints":{"allow":["GET"]}}],"collection":[{"href":"https:\/\/martavalera.com\/es\/wp-json\/wp\/v2\/pages"}],"about":[{"href":"https:\/\/martavalera.com\/es\/wp-json\/wp\/v2\/types\/page"}],"author":[{"embeddable":true,"href":"https:\/\/martavalera.com\/es\/wp-json\/wp\/v2\/users\/1"}],"replies":[{"embeddable":true,"href":"https:\/\/martavalera.com\/es\/wp-json\/wp\/v2\/comments?post=3498"}],"version-history":[{"count":24,"href":"https:\/\/martavalera.com\/es\/wp-json\/wp\/v2\/pages\/3498\/revisions"}],"predecessor-version":[{"id":5122,"href":"https:\/\/martavalera.com\/es\/wp-json\/wp\/v2\/pages\/3498\/revisions\/5122"}],"wp:attachment":[{"href":"https:\/\/martavalera.com\/es\/wp-json\/wp\/v2\/media?parent=3498"}],"curies":[{"name":"wp","href":"https:\/\/api.w.org\/{rel}","templated":true}]}}