{"id":3050,"date":"2016-01-15T21:31:50","date_gmt":"2016-01-15T21:31:50","guid":{"rendered":"http:\/\/www.jia-dev.com\/martavalera\/es\/about-us\/"},"modified":"2025-11-10T09:45:39","modified_gmt":"2025-11-10T09:45:39","slug":"nosotros","status":"publish","type":"page","link":"https:\/\/martavalera.com\/es\/nosotros\/","title":{"rendered":"Nosotros"},"content":{"rendered":"<p>[vc_row rt_row_background_width=\u00bbfullwidth\u00bb rt_row_content_width=\u00bbdefault\u00bb rt_row_style=\u00bbalt-style-2&#8243; rt_row_borders=\u00bb\u00bb rt_row_shadows=\u00bb\u00bb rt_row_paddings=\u00bbtrue\u00bb rt_bg_effect=\u00bbparallax\u00bb rt_bg_parallax_effect=\u00bb1&#8243; rt_bg_image_repeat=\u00bbrepeat\u00bb rt_bg_size=\u00bbcover\u00bb rt_bg_position=\u00bbcenter bottom\u00bb rt_bg_video_format=\u00bbself-hosted\u00bb rt_padding_top=\u00bb80&#8243; rt_padding_bottom=\u00bb0&#8243; rt_grid=\u00bb\u00bb rt_bg_color=\u00bb#7ad1da\u00bb rt_bg_overlay_color=\u00bb#7ad1da\u00bb rt_bg_image=\u00bb1911&#8243;][vc_column width=\u00bb1\/2&#8243; rt_column_shadow=\u00bb\u00bb rt_bg_image_repeat=\u00bbrepeat\u00bb rt_bg_size=\u00bbauto auto\u00bb rt_bg_attachment=\u00bbscroll\u00bb][vc_empty_space height=\u00bb90px\u00bb]<div class=\"rt_heading_wrapper no-style\">\n\t\t\t\t\t\t<h1 class=\"rt_heading  no-style\"  style=\"font-size:65px;line-height:65px;letter-spacing:2px;\">Nosotros<\/h1>\n\t\t\t\t\t<\/div>[\/vc_column][vc_column width=\u00bb1\/2&#8243; rt_column_shadow=\u00bb\u00bb rt_bg_image_repeat=\u00bbrepeat\u00bb rt_bg_size=\u00bbauto auto\u00bb rt_bg_attachment=\u00bbscroll\u00bb][vc_column_text]<br \/>\n[\/vc_column_text][\/vc_column][\/vc_row][vc_row rt_row_background_width=\u00bbfullwidth\u00bb rt_row_content_width=\u00bbdefault\u00bb rt_row_style=\u00bbdefault-style\u00bb rt_row_borders=\u00bbbottom\u00bb rt_row_shadows=\u00bb\u00bb rt_row_paddings=\u00bbtrue\u00bb rt_bg_effect=\u00bbclassic\u00bb rt_bg_image_repeat=\u00bbrepeat\u00bb rt_bg_size=\u00bbcover\u00bb rt_bg_position=\u00bbright top\u00bb rt_bg_attachment=\u00bbscroll\u00bb rt_bg_video_format=\u00bbself-hosted\u00bb rt_padding_bottom=\u00bb60&#8243;][vc_column width=\u00bb1\/2&#8243; rt_column_shadow=\u00bb\u00bb rt_bg_image_repeat=\u00bbrepeat\u00bb rt_bg_size=\u00bbauto auto\u00bb rt_bg_attachment=\u00bbscroll\u00bb][vc_column_text]En\u00a0<em style=\"font-weight: inherit;\">Marta Valera\u00a0body therapies<\/em>\u00a0buscamos la mejora de tu bienestar a trav\u00e9s del uso de las terapias manuales. Aplicamos t\u00e9cnicas como el quiromasaje, la quiropr\u00e1ctica, el kinesiotape y la reflexolog\u00eda que te ayudar\u00e1n a una recuperaci\u00f3n mas eficaz.\u00a0Para una mejora m\u00e1s global y profunda, tambi\u00e9n puedes probar otras t\u00e9cnicas como la kinesiologia y el reiki.<\/p>\n<p>Echa un vistazo a nuestro\u00a0<strong><a href=\"\/es\/terapias\/\">cat\u00e1logo de terapias<\/a><\/strong>\u00a0y no te olvides de consultar nuestras\u00a0<a href=\"\/es\/promociones\/\"><strong>promociones<\/strong>\u00a0<\/a>y\u00a0<strong><a href=\"\/es\/regala\/\">cajas regalo<\/a><\/strong>.<\/p>\n<p>Para un mejor servicio y comodidad, tambi\u00e9n damos servicio a domicilio de masajes en Granollers y alrededores.\u00a0<strong><a href=\"\/es\/contacta-con-nosotros\/\">Contacta con nosotros<\/a><\/strong>\u00a0y nos desplazaremos a tu domicilio.[\/vc_column_text][\/vc_column][vc_column width=\u00bb1\/2&#8243; rt_column_shadow=\u00bb\u00bb rt_bg_image_repeat=\u00bbrepeat\u00bb rt_bg_size=\u00bbauto auto\u00bb rt_bg_attachment=\u00bbscroll\u00bb rt_margin_top=\u00bb-200&#8243; rt_bg_color=\u00bb\u00bb rt_padding_left=\u00bb30&#8243; rt_padding_right=\u00bb30&#8243;]<div  class=\"circle-slider\" data-background-images=\"https:\/\/martavalera.com\/wp-content\/uploads\/2016\/05\/marta-valera-gemas-750x750.jpg,https:\/\/martavalera.com\/wp-content\/uploads\/2016\/05\/marta-valera-tecnica-nimo-750x750.jpg,https:\/\/martavalera.com\/wp-content\/uploads\/2016\/05\/marta-valera-massatge-tailandes-750x750.jpg,https:\/\/martavalera.com\/wp-content\/uploads\/2016\/05\/marta-valera-quioropractica-750x750.jpg\">\n<div class=\"circle-one\"><\/div>\n<div class=\"circle-two\"><\/div>\n<div class=\"circle-three\"><\/div>\n<div class=\"circle-four\"><\/div>\n<\/div>\n[\/vc_column][\/vc_row][vc_row rt_row_background_width=\u00bbfullwidth\u00bb rt_row_content_width=\u00bbdefault\u00bb rt_row_style=\u00bbalt-style-1&#8243; rt_row_borders=\u00bb\u00bb rt_row_shadows=\u00bb\u00bb rt_column_view=\u00bbgrid\u00bb rt_row_paddings=\u00bbtrue\u00bb rt_bg_effect=\u00bbclassic\u00bb rt_bg_image_repeat=\u00bbrepeat\u00bb rt_bg_size=\u00bbcover\u00bb rt_bg_position=\u00bbright top\u00bb rt_bg_attachment=\u00bbscroll\u00bb rt_bg_video_format=\u00bbself-hosted\u00bb rt_grid=\u00bbtrue\u00bb rt_padding_top=\u00bb80&#8243; rt_padding_bottom=\u00bb80&#8243;][vc_column width=\u00bb1\/2&#8243; rt_column_shadow=\u00bbtrue\u00bb rt_bg_image_repeat=\u00bbrepeat\u00bb rt_bg_size=\u00bbauto auto\u00bb rt_bg_attachment=\u00bbscroll\u00bb rt_padding_top=\u00bb50&#8243; rt_padding_bottom=\u00bb50&#8243; rt_padding_left=\u00bb50&#8243; rt_padding_right=\u00bb50&#8243; rt_bg_color=\u00bb#ffffff\u00bb]<div class=\"rt_heading_wrapper style-3\">\n\t\t\t\t\t\t<h4 class=\"rt_heading  style-3\" >Formaci\u00f3n<\/h4>\n\t\t\t\t\t<\/div>[vc_column_text]\t \n\t\t<div  class=\"bullet-list style-3  star\">\n\t\t<ul>\n<li>Quiromasaje, Masaje Tailand\u00e9s, Quiropr\u00e1ctica aplicada al Quiromasaje, Kinesiotape, T\u00e9cnica Nimmo y Masaje y Deporte en <em>Escola de Massatge Manual Dr. Sagrera Ferrandiz<\/em><\/li>\n<li>Reflexolog\u00eda Podal en <em>INTESA<\/em><\/li>\n<li>Osteopat\u00eda Bioenerg\u00e9tica Celular (Liberaci\u00f3n del Pericardio) a\u00a0<em>La Consulta OBC<\/em><\/li>\n<li>Kinesiolog\u00eda hol\u00edstica en <em>Institut d\u2019Estudi Guxens (IGEM)<\/em><\/li>\n<li>Masaje con piedras calientes i Reiki en <em>Drusa Ortzadar<\/em><\/li>\n<li>Terapia Biodin\u00e1mica Craneosacral obst\u00e9trica i pedi\u00e1trica <em>M\u00e9todo Mapa de Maria \u00c1ngeles Paredes<\/em><\/li>\n<li>Barras de Access Consciousness, <em>facilitador Eduvigis Rubio<\/em><\/li>\n<\/ul>\n\n\t\t<\/div>\n\t[\/vc_column_text][\/vc_column][\/vc_row]<\/p>\n","protected":false},"excerpt":{"rendered":"<p>[vc_row rt_row_background_width=\u00bbfullwidth\u00bb rt_row_content_width=\u00bbdefault\u00bb rt_row_style=\u00bbalt-style-2&#8243; rt_row_borders=\u00bb\u00bb rt_row_shadows=\u00bb\u00bb rt_row_paddings=\u00bbtrue\u00bb rt_bg_effect=\u00bbparallax\u00bb rt_bg_parallax_effect=\u00bb1&#8243; rt_bg_image_repeat=\u00bbrepeat\u00bb rt_bg_size=\u00bbcover\u00bb rt_bg_position=\u00bbcenter bottom\u00bb rt_bg_video_format=\u00bbself-hosted\u00bb rt_padding_top=\u00bb80&#8243; rt_padding_bottom=\u00bb0&#8243; rt_grid=\u00bb\u00bb rt_bg_color=\u00bb#7ad1da\u00bb rt_bg_overlay_color=\u00bb#7ad1da\u00bb rt_bg_image=\u00bb1911&#8243;][vc_column width=\u00bb1\/2&#8243; rt_column_shadow=\u00bb\u00bb rt_bg_image_repeat=\u00bbrepeat\u00bb rt_bg_size=\u00bbauto auto\u00bb rt_bg_attachment=\u00bbscroll\u00bb][vc_empty_space height=\u00bb90px\u00bb][\/vc_column][vc_column width=\u00bb1\/2&#8243; rt_column_shadow=\u00bb\u00bb rt_bg_image_repeat=\u00bbrepeat\u00bb rt_bg_size=\u00bbauto auto\u00bb rt_bg_attachment=\u00bbscroll\u00bb][vc_column_text] [\/vc_column_text][\/vc_column][\/vc_row][vc_row rt_row_background_width=\u00bbfullwidth\u00bb rt_row_content_width=\u00bbdefault\u00bb rt_row_style=\u00bbdefault-style\u00bb rt_row_borders=\u00bbbottom\u00bb rt_row_shadows=\u00bb\u00bb rt_row_paddings=\u00bbtrue\u00bb rt_bg_effect=\u00bbclassic\u00bb rt_bg_image_repeat=\u00bbrepeat\u00bb rt_bg_size=\u00bbcover\u00bb rt_bg_position=\u00bbright top\u00bb rt_bg_attachment=\u00bbscroll\u00bb rt_bg_video_format=\u00bbself-hosted\u00bb rt_padding_bottom=\u00bb60&#8243;][vc_column width=\u00bb1\/2&#8243; rt_column_shadow=\u00bb\u00bb rt_bg_image_repeat=\u00bbrepeat\u00bb rt_bg_size=\u00bbauto auto\u00bb rt_bg_attachment=\u00bbscroll\u00bb][vc_column_text]En\u00a0Marta Valera\u00a0body &#8230; <a class=\"more-link\" href=\"https:\/\/martavalera.com\/es\/nosotros\/\">Contin\u00faa leyendo<\/a><\/p>\n","protected":false},"author":1,"featured_media":0,"parent":0,"menu_order":0,"comment_status":"closed","ping_status":"closed","template":"","meta":{"footnotes":""},"class_list":["post-3050","page","type-page","status-publish","hentry"],"yoast_head":"<!-- This site is optimized with the Yoast SEO plugin v20.12 - https:\/\/yoast.com\/wordpress\/plugins\/seo\/ -->\n<title>Masajes en Granollers - Marta Valera<\/title>\n<meta name=\"description\" content=\"Conoce nuestro centro de masajes en Granollers. Consulta nuestras ofertas y promociones para estar al d\u00eda. Tambi\u00e9n ofrecemos masajes a domicilio.\" \/>\n<meta name=\"robots\" content=\"index, follow, max-snippet:-1, max-image-preview:large, max-video-preview:-1\" \/>\n<link rel=\"canonical\" href=\"https:\/\/martavalera.com\/es\/nosotros\/\" \/>\n<meta property=\"og:locale\" content=\"es_ES\" \/>\n<meta property=\"og:type\" content=\"article\" \/>\n<meta property=\"og:title\" content=\"Masajes en Granollers - Marta Valera\" \/>\n<meta property=\"og:description\" content=\"Conoce nuestro centro de masajes en Granollers. Consulta nuestras ofertas y promociones para estar al d\u00eda. Tambi\u00e9n ofrecemos masajes a domicilio.\" \/>\n<meta property=\"og:url\" content=\"https:\/\/martavalera.com\/es\/nosotros\/\" \/>\n<meta property=\"og:site_name\" content=\"Marta Valera\" \/>\n<meta property=\"article:publisher\" content=\"https:\/\/www.facebook.com\/martavaleraterapies\/\" \/>\n<meta property=\"article:modified_time\" content=\"2025-11-10T09:45:39+00:00\" \/>\n<meta name=\"twitter:card\" content=\"summary_large_image\" \/>\n<meta name=\"twitter:label1\" content=\"Tiempo de lectura\" \/>\n\t<meta name=\"twitter:data1\" content=\"2 minutos\" \/>\n<script type=\"application\/ld+json\" class=\"yoast-schema-graph\">{\"@context\":\"https:\/\/schema.org\",\"@graph\":[{\"@type\":\"WebPage\",\"@id\":\"https:\/\/martavalera.com\/es\/nosotros\/\",\"url\":\"https:\/\/martavalera.com\/es\/nosotros\/\",\"name\":\"Masajes en Granollers - Marta Valera\",\"isPartOf\":{\"@id\":\"https:\/\/martavalera.com\/#website\"},\"datePublished\":\"2016-01-15T21:31:50+00:00\",\"dateModified\":\"2025-11-10T09:45:39+00:00\",\"description\":\"Conoce nuestro centro de masajes en Granollers. Consulta nuestras ofertas y promociones para estar al d\u00eda. Tambi\u00e9n ofrecemos masajes a domicilio.\",\"breadcrumb\":{\"@id\":\"https:\/\/martavalera.com\/es\/nosotros\/#breadcrumb\"},\"inLanguage\":\"es\",\"potentialAction\":[{\"@type\":\"ReadAction\",\"target\":[\"https:\/\/martavalera.com\/es\/nosotros\/\"]}]},{\"@type\":\"BreadcrumbList\",\"@id\":\"https:\/\/martavalera.com\/es\/nosotros\/#breadcrumb\",\"itemListElement\":[{\"@type\":\"ListItem\",\"position\":1,\"name\":\"Inici\",\"item\":\"https:\/\/martavalera.com\/es\/\"},{\"@type\":\"ListItem\",\"position\":2,\"name\":\"Nosotros\"}]},{\"@type\":\"WebSite\",\"@id\":\"https:\/\/martavalera.com\/#website\",\"url\":\"https:\/\/martavalera.com\/\",\"name\":\"Marta Valera\",\"description\":\"Marta Valera, body therapies\",\"publisher\":{\"@id\":\"https:\/\/martavalera.com\/#organization\"},\"potentialAction\":[{\"@type\":\"SearchAction\",\"target\":{\"@type\":\"EntryPoint\",\"urlTemplate\":\"https:\/\/martavalera.com\/?s={search_term_string}\"},\"query-input\":\"required name=search_term_string\"}],\"inLanguage\":\"es\"},{\"@type\":\"Organization\",\"@id\":\"https:\/\/martavalera.com\/#organization\",\"name\":\"Marta Valera, body therapies\",\"url\":\"https:\/\/martavalera.com\/\",\"logo\":{\"@type\":\"ImageObject\",\"inLanguage\":\"es\",\"@id\":\"https:\/\/martavalera.com\/#\/schema\/logo\/image\/\",\"url\":\"https:\/\/martavalera.com\/wp-content\/uploads\/2016\/05\/Logo_Marta_Valera.png\",\"contentUrl\":\"https:\/\/martavalera.com\/wp-content\/uploads\/2016\/05\/Logo_Marta_Valera.png\",\"width\":290,\"height\":123,\"caption\":\"Marta Valera, body therapies\"},\"image\":{\"@id\":\"https:\/\/martavalera.com\/#\/schema\/logo\/image\/\"},\"sameAs\":[\"https:\/\/www.facebook.com\/martavaleraterapies\/\",\"https:\/\/es.linkedin.com\/in\/marta-valera-lloveras-bb815547\"]}]}<\/script>\n<!-- \/ Yoast SEO plugin. -->","yoast_head_json":{"title":"Masajes en Granollers - Marta Valera","description":"Conoce nuestro centro de masajes en Granollers. Consulta nuestras ofertas y promociones para estar al d\u00eda. Tambi\u00e9n ofrecemos masajes a domicilio.","robots":{"index":"index","follow":"follow","max-snippet":"max-snippet:-1","max-image-preview":"max-image-preview:large","max-video-preview":"max-video-preview:-1"},"canonical":"https:\/\/martavalera.com\/es\/nosotros\/","og_locale":"es_ES","og_type":"article","og_title":"Masajes en Granollers - Marta Valera","og_description":"Conoce nuestro centro de masajes en Granollers. Consulta nuestras ofertas y promociones para estar al d\u00eda. Tambi\u00e9n ofrecemos masajes a domicilio.","og_url":"https:\/\/martavalera.com\/es\/nosotros\/","og_site_name":"Marta Valera","article_publisher":"https:\/\/www.facebook.com\/martavaleraterapies\/","article_modified_time":"2025-11-10T09:45:39+00:00","twitter_card":"summary_large_image","twitter_misc":{"Tiempo de lectura":"2 minutos"},"schema":{"@context":"https:\/\/schema.org","@graph":[{"@type":"WebPage","@id":"https:\/\/martavalera.com\/es\/nosotros\/","url":"https:\/\/martavalera.com\/es\/nosotros\/","name":"Masajes en Granollers - Marta Valera","isPartOf":{"@id":"https:\/\/martavalera.com\/#website"},"datePublished":"2016-01-15T21:31:50+00:00","dateModified":"2025-11-10T09:45:39+00:00","description":"Conoce nuestro centro de masajes en Granollers. Consulta nuestras ofertas y promociones para estar al d\u00eda. Tambi\u00e9n ofrecemos masajes a domicilio.","breadcrumb":{"@id":"https:\/\/martavalera.com\/es\/nosotros\/#breadcrumb"},"inLanguage":"es","potentialAction":[{"@type":"ReadAction","target":["https:\/\/martavalera.com\/es\/nosotros\/"]}]},{"@type":"BreadcrumbList","@id":"https:\/\/martavalera.com\/es\/nosotros\/#breadcrumb","itemListElement":[{"@type":"ListItem","position":1,"name":"Inici","item":"https:\/\/martavalera.com\/es\/"},{"@type":"ListItem","position":2,"name":"Nosotros"}]},{"@type":"WebSite","@id":"https:\/\/martavalera.com\/#website","url":"https:\/\/martavalera.com\/","name":"Marta Valera","description":"Marta Valera, body therapies","publisher":{"@id":"https:\/\/martavalera.com\/#organization"},"potentialAction":[{"@type":"SearchAction","target":{"@type":"EntryPoint","urlTemplate":"https:\/\/martavalera.com\/?s={search_term_string}"},"query-input":"required name=search_term_string"}],"inLanguage":"es"},{"@type":"Organization","@id":"https:\/\/martavalera.com\/#organization","name":"Marta Valera, body therapies","url":"https:\/\/martavalera.com\/","logo":{"@type":"ImageObject","inLanguage":"es","@id":"https:\/\/martavalera.com\/#\/schema\/logo\/image\/","url":"https:\/\/martavalera.com\/wp-content\/uploads\/2016\/05\/Logo_Marta_Valera.png","contentUrl":"https:\/\/martavalera.com\/wp-content\/uploads\/2016\/05\/Logo_Marta_Valera.png","width":290,"height":123,"caption":"Marta Valera, body therapies"},"image":{"@id":"https:\/\/martavalera.com\/#\/schema\/logo\/image\/"},"sameAs":["https:\/\/www.facebook.com\/martavaleraterapies\/","https:\/\/es.linkedin.com\/in\/marta-valera-lloveras-bb815547"]}]}},"_links":{"self":[{"href":"https:\/\/martavalera.com\/es\/wp-json\/wp\/v2\/pages\/3050","targetHints":{"allow":["GET"]}}],"collection":[{"href":"https:\/\/martavalera.com\/es\/wp-json\/wp\/v2\/pages"}],"about":[{"href":"https:\/\/martavalera.com\/es\/wp-json\/wp\/v2\/types\/page"}],"author":[{"embeddable":true,"href":"https:\/\/martavalera.com\/es\/wp-json\/wp\/v2\/users\/1"}],"replies":[{"embeddable":true,"href":"https:\/\/martavalera.com\/es\/wp-json\/wp\/v2\/comments?post=3050"}],"version-history":[{"count":16,"href":"https:\/\/martavalera.com\/es\/wp-json\/wp\/v2\/pages\/3050\/revisions"}],"predecessor-version":[{"id":5083,"href":"https:\/\/martavalera.com\/es\/wp-json\/wp\/v2\/pages\/3050\/revisions\/5083"}],"wp:attachment":[{"href":"https:\/\/martavalera.com\/es\/wp-json\/wp\/v2\/media?parent=3050"}],"curies":[{"name":"wp","href":"https:\/\/api.w.org\/{rel}","templated":true}]}}