{"id":2976,"date":"2016-05-03T17:02:38","date_gmt":"2016-05-03T17:02:38","guid":{"rendered":"http:\/\/www.jia-dev.com\/martavalera\/es\/?page_id=2976"},"modified":"2023-08-16T19:46:11","modified_gmt":"2023-08-16T19:46:11","slug":"contacta-con-nosotros","status":"publish","type":"page","link":"https:\/\/martavalera.com\/es\/contacta-con-nosotros\/","title":{"rendered":"Contacta con nosotros"},"content":{"rendered":"<p>[vc_row rt_row_background_width=\u00bbfullwidth\u00bb rt_row_content_width=\u00bbdefault\u00bb rt_row_style=\u00bbdefault-style\u00bb rt_row_borders=\u00bb\u00bb rt_row_shadows=\u00bb\u00bb rt_column_view=\u00bbboxed_columns\u00bb rt_row_paddings=\u00bbtrue\u00bb rt_bg_effect=\u00bbclassic\u00bb rt_bg_image_repeat=\u00bbrepeat\u00bb rt_bg_size=\u00bbcover\u00bb rt_bg_position=\u00bbright top\u00bb rt_bg_attachment=\u00bbscroll\u00bb rt_bg_video_format=\u00bbself-hosted\u00bb][vc_column width=\u00bb1\/2&#8243; rt_column_shadow=\u00bb\u00bb rt_bg_image_repeat=\u00bbrepeat\u00bb rt_bg_size=\u00bbauto auto\u00bb rt_bg_attachment=\u00bbscroll\u00bb rt_padding_top=\u00bb20&#8243; rt_padding_bottom=\u00bb20&#8243; rt_padding_left=\u00bb20&#8243; rt_padding_right=\u00bb20&#8243; rt_bg_color=\u00bb\u00bb rt_bg_overlay_color=\u00bb\u00bb]<div class=\"rt_heading_wrapper style-6\">\n\t\t\t\t\t\t<h5 class=\"rt_heading  style-6\" ><span class=\"icon-globe-2 heading_icon\"><\/span>Informaci\u00f3n de contacto<\/h5>\n\t\t\t\t\t<\/div>[vc_column_text]En Marta Valera, Body Therapies te ofrecemos todo tipo de terapias naturales y masajes en Granollers, Barcelona, para tu propio bienestar. Ponte en contacto con nosotros y reserva hora para una terapia de Quiromasaje, Masaje tailand\u00e9s, Kinesiolog\u00eda Hol\u00edstica, Reflexolog\u00eda, Presoterapia, Piedras Calientes o Reiki.<\/p>\n<p>Consulta nuestras <a href=\"\/es\/promociones\/\"><strong><span style=\"color: #33c9d8;\">promociones<\/span><\/strong><\/a>!<\/p>\n<p>Rellena el formulario con tus datos para solicitar la reserva. Ind\u00edcanos tambi\u00e9n la hora que prefieres. A continuaci\u00f3n nos pondremos en contacto contigo.[\/vc_column_text][vc_separator style=\u00bbstyle-4&#8243; margin_top=\u00bb20&#8243; margin_bottom=\u00bb30&#8243;]\t \n\t\t<div  class=\"with_icons style-3 \">\n\t\t\t \n\t\t<div  >\n\t\t<span class=\"icon-address icon\"><\/span><div class=\"list-content\"><p>Passeig Tagamanent, 83, Local 3 (Centro Cos i \u00c0nima)<\/p>\n<p>Corr\u00f3 d&#8217;Avall, Barcelona<\/p>\n<\/div>\n\t\t<\/div>\n\t\t \n\t\t<div  >\n\t\t<span class=\"icon-phone icon\"><\/span><div class=\"list-content\"><p><a href=\"tel:+34 670 34 06 75\">+34 670 34 06 75<\/a><\/p>\n<\/div>\n\t\t<\/div>\n\t\t \n\t\t<div  >\n\t\t<span class=\"icon-line-clock icon\"><\/span><div class=\"list-content\"><p>09:00 &#8211; 14:00 martes y mi\u00e9rcoles<\/p>\n<p>16:15 &#8211; 20:00 jueves<\/p>\n<\/div>\n\t\t<\/div>\n\t\t \n\t\t<div  >\n\t\t<span class=\"icon-mail-1 icon\"><\/span><div class=\"list-content\"><p><a href=\"mailto:info@martavalera.com\">info@martavalera.com<\/a><\/p>\n<\/div>\n\t\t<\/div>\n\t\n\t\t<\/div>\n\t[\/vc_column][vc_column width=\u00bb1\/2&#8243; rt_column_shadow=\u00bb\u00bb rt_bg_image_repeat=\u00bbrepeat\u00bb rt_bg_size=\u00bbauto auto\u00bb rt_bg_attachment=\u00bbscroll\u00bb rt_padding_top=\u00bb20&#8243; rt_padding_bottom=\u00bb20&#8243; rt_padding_left=\u00bb20&#8243; rt_padding_right=\u00bb20&#8243; rt_bg_color=\u00bb\u00bb rt_bg_overlay_color=\u00bb\u00bb]<div class=\"rt_heading_wrapper style-6\">\n\t\t\t\t\t\t<h5 class=\"rt_heading  style-6\" ><span class=\"icon-line-mail heading_icon\"><\/span>Formulario de contacto<\/h5>\n\t\t\t\t\t<\/div>\n<div class=\"wpcf7 no-js\" id=\"wpcf7-f3876-o1\" lang=\"ca\" dir=\"ltr\">\n<div class=\"screen-reader-response\"><p role=\"status\" aria-live=\"polite\" aria-atomic=\"true\"><\/p> <ul><\/ul><\/div>\n<form action=\"\/es\/wp-json\/wp\/v2\/pages\/2976#wpcf7-f3876-o1\" method=\"post\" class=\"wpcf7-form init\" aria-label=\"Formulari de contacte\" novalidate=\"novalidate\" data-status=\"init\">\n<div style=\"display: none;\">\n<input type=\"hidden\" name=\"_wpcf7\" value=\"3876\" \/>\n<input type=\"hidden\" name=\"_wpcf7_version\" value=\"5.8.7\" \/>\n<input type=\"hidden\" name=\"_wpcf7_locale\" value=\"ca\" \/>\n<input type=\"hidden\" name=\"_wpcf7_unit_tag\" value=\"wpcf7-f3876-o1\" \/>\n<input type=\"hidden\" name=\"_wpcf7_container_post\" value=\"0\" \/>\n<input type=\"hidden\" name=\"_wpcf7_posted_data_hash\" value=\"\" \/>\n<input type=\"hidden\" name=\"_wpcf7_recaptcha_response\" value=\"\" \/>\n<\/div>\n<p>Tu nombre *\n<\/p>\n<p><span class=\"wpcf7-form-control-wrap\" data-name=\"your-name\"><input size=\"40\" class=\"wpcf7-form-control wpcf7-text wpcf7-validates-as-required\" aria-required=\"true\" aria-invalid=\"false\" value=\"\" type=\"text\" name=\"your-name\" \/><\/span>\n<\/p>\n<p>Tu email *\n<\/p>\n<p><span class=\"wpcf7-form-control-wrap\" data-name=\"your-email\"><input size=\"40\" class=\"wpcf7-form-control wpcf7-email wpcf7-validates-as-required wpcf7-text wpcf7-validates-as-email\" aria-required=\"true\" aria-invalid=\"false\" value=\"\" type=\"email\" name=\"your-email\" \/><\/span>\n<\/p>\n<p>Asunto\n<\/p>\n<p><span class=\"wpcf7-form-control-wrap\" data-name=\"your-subject\"><input size=\"40\" class=\"wpcf7-form-control wpcf7-text\" aria-invalid=\"false\" value=\"\" type=\"text\" name=\"your-subject\" \/><\/span>\n<\/p>\n<p>Tu mensaje\n<\/p>\n<p><span class=\"wpcf7-form-control-wrap\" data-name=\"your-message\"><textarea cols=\"40\" rows=\"10\" class=\"wpcf7-form-control wpcf7-textarea\" aria-invalid=\"false\" name=\"your-message\"><\/textarea><\/span>\n<\/p>\n<p><br \/>\n<span class=\"wpcf7-form-control-wrap\" data-name=\"acceptance-rgdp\"><span class=\"wpcf7-form-control wpcf7-acceptance\"><span class=\"wpcf7-list-item\"><label><input type=\"checkbox\" name=\"acceptance-rgdp\" value=\"1\" aria-invalid=\"false\" \/><span class=\"wpcf7-list-item-label\">He le\u00eddo y acepto la <a href=\"\/es\/politica-de-privacidad\/\" target=\"_blank\" rel=\"nofollow\">pol\u00edtica de privacidad<\/a> *<\/span><\/label><\/span><\/span><\/span>\n<\/p>\n<p>\n\n<\/p>\n<p><input class=\"wpcf7-form-control wpcf7-submit has-spinner\" type=\"submit\" value=\"Enviar\" \/>\n<\/p>\n<p><br \/>\n<strong><u>Informaci\u00f3n b\u00e1sica sobre Protecci\u00f3n de Datos<\/u><\/strong>\n<\/p>\n<p><strong>Responsable:<\/strong> Marta Valera Lloveras <a href=\"\/es\/politica-de-privacidad\/\" target=\"_blank\">+info<\/a><br \/>\n<strong>Finalidad:<\/strong> Contestar a las dudas que pueda tener sobre cualquiera de nuestras terapias <a href=\"\/es\/politica-de-privacidad\/\" target=\"_blank\">+info<\/a><br \/>\n<strong>Legitimaci\u00f3n:<\/strong> Consentimiento del interesado <a href=\"\/es\/politica-de-privacidad\/\" target=\"_blank\">+info<\/a><br \/>\n<strong>Destinatarios:<\/strong> La petici\u00f3n de contacto generar\u00e1 un correo electr\u00f3nico a info@martavlera.com que se mantendr\u00e1 en los servidores de 1&1 Internet Espa\u00f1a S.L.U. <a href=\"\/es\/politica-de-privacidad\/\" target=\"_blank\">+info<\/a><br \/>\n<strong>Derechos:<\/strong> Tiene el derecho de acceder, rectificar y suprimir estos datos, como otros derechos que tambi\u00e9n se explican en la pol\u00edtica de privacidad <a href=\"\/es\/politica-de-privacidad\/\" target=\"_blank\">+info<\/a><br \/>\n<strong>Conservaci\u00f3n de los datos:<\/strong> Hasta que el usuario solicite su supresi\u00f3n<br \/>\n<strong>Informaci\u00f3n adicional:<\/strong> Puede consultar informaci\u00f3n adicional y detallada sobre la pol\u00edtica de privacidad en <a href=\"\/es\/politica-de-privacidad\/\" target=\"_blank\">http:\/www.martavalera.com\/es\/politica-de-privacidad\/<\/a>\n<\/p><div class=\"wpcf7-response-output\" aria-hidden=\"true\"><\/div>\n<\/form>\n<\/div>\n[\/vc_column][\/vc_row][vc_row rt_row_background_width=\u00bbfullwidth\u00bb rt_row_content_width=\u00bbdefault\u00bb rt_row_style=\u00bbdefault-style\u00bb rt_row_borders=\u00bb\u00bb rt_row_shadows=\u00bb\u00bb rt_row_paddings=\u00bbtrue\u00bb rt_bg_effect=\u00bbclassic\u00bb rt_bg_image_repeat=\u00bbrepeat\u00bb rt_bg_size=\u00bbcover\u00bb rt_bg_position=\u00bbright top\u00bb rt_bg_attachment=\u00bbscroll\u00bb rt_bg_video_format=\u00bbself-hosted\u00bb rt_row_no_padding=\u00bbfalse\u00bb rt_grid=\u00bb\u00bb rt_padding_left=\u00bb15&#8243; rt_padding_right=\u00bb15&#8243;][vc_column rt_column_shadow=\u00bbtrue\u00bb rt_bg_image_repeat=\u00bbrepeat\u00bb rt_bg_size=\u00bbauto auto\u00bb rt_bg_attachment=\u00bbscroll\u00bb rt_padding_top=\u00bb40&#8243; rt_padding_bottom=\u00bb25&#8243; rt_padding_left=\u00bb25&#8243; rt_padding_right=\u00bb25&#8243; rt_bg_color=\u00bb#ffffff\u00bb rt_bg_overlay_color=\u00bb\u00bb]<div class=\"rt_heading_wrapper style-6\">\n\t\t\t\t\t\t<h5 class=\"rt_heading  style-6\" ><span class=\"icon-line-map heading_icon\"><\/span>Encu\u00e9ntranos en Google Maps<\/h5>\n\t\t\t\t\t<\/div>[vc_raw_html]JTNDZGl2JTIwY2xhc3MlM0QlMjJyZXNwb25zaXZlLW1hcCUyMiUzRSUwQSUzQ2lmcmFtZSUyMHNyYyUzRCUyMmh0dHBzJTNBJTJGJTJGd3d3Lmdvb2dsZS5jb20lMkZtYXBzJTJGZW1iZWQlM0ZwYiUzRCUyMTFtMTQlMjExbTglMjExbTMlMjExZDExOTI4LjczNTE2NTA3OTIyNiUyMTJkMi4yOTc3NjIxJTIxM2Q0MS42MzAxNTg2JTIxM20yJTIxMWkxMDI0JTIxMmk3NjglMjE0ZjEzLjElMjEzbTMlMjExbTIlMjExczB4MTJhNGM2MjNjYmY3MDkwZiUyNTNBMHgyZjE5OTAyMjYyODVlZDIyJTIxMnNNYXJ0YSUyNTIwVmFsZXJhJTI1MkMlMjUyMGJvZHklMjUyMHRoZXJhcGllcyUyMTVlMCUyMTNtMiUyMTFzY2ElMjEyc2VzJTIxNHYxNjkyMjE0OTYwNzE1JTIxNW0yJTIxMXNjYSUyMTJzZXMlMjIlMjB3aWR0aCUzRCUyMjYwMCUyMiUyMGhlaWdodCUzRCUyMjQ1MCUyMiUyMHN0eWxlJTNEJTIyYm9yZGVyJTNBMCUzQiUyMiUyMGFsbG93ZnVsbHNjcmVlbiUzRCUyMiUyMiUyMGxvYWRpbmclM0QlMjJsYXp5JTIyJTIwcmVmZXJyZXJwb2xpY3klM0QlMjJuby1yZWZlcnJlci13aGVuLWRvd25ncmFkZSUyMiUzRSUzQyUyRmlmcmFtZSUzRSUwQSUzQyUyRmRpdiUzRQ==[\/vc_raw_html][\/vc_column][\/vc_row]<\/p>\n","protected":false},"excerpt":{"rendered":"<p>[vc_row rt_row_background_width=\u00bbfullwidth\u00bb rt_row_content_width=\u00bbdefault\u00bb rt_row_style=\u00bbdefault-style\u00bb rt_row_borders=\u00bb\u00bb rt_row_shadows=\u00bb\u00bb rt_column_view=\u00bbboxed_columns\u00bb rt_row_paddings=\u00bbtrue\u00bb rt_bg_effect=\u00bbclassic\u00bb rt_bg_image_repeat=\u00bbrepeat\u00bb rt_bg_size=\u00bbcover\u00bb rt_bg_position=\u00bbright top\u00bb rt_bg_attachment=\u00bbscroll\u00bb rt_bg_video_format=\u00bbself-hosted\u00bb][vc_column width=\u00bb1\/2&#8243; rt_column_shadow=\u00bb\u00bb rt_bg_image_repeat=\u00bbrepeat\u00bb rt_bg_size=\u00bbauto auto\u00bb rt_bg_attachment=\u00bbscroll\u00bb rt_padding_top=\u00bb20&#8243; rt_padding_bottom=\u00bb20&#8243; rt_padding_left=\u00bb20&#8243; rt_padding_right=\u00bb20&#8243; rt_bg_color=\u00bb\u00bb rt_bg_overlay_color=\u00bb\u00bb][vc_column_text]En Marta Valera, Body Therapies te ofrecemos todo tipo de terapias naturales y masajes en Granollers, Barcelona, para tu propio bienestar. Ponte en contacto con nosotros y reserva hora &#8230; <a class=\"more-link\" href=\"https:\/\/martavalera.com\/es\/contacta-con-nosotros\/\">Contin\u00faa leyendo<\/a><\/p>\n","protected":false},"author":1,"featured_media":0,"parent":0,"menu_order":0,"comment_status":"closed","ping_status":"closed","template":"","meta":{"footnotes":""},"class_list":["post-2976","page","type-page","status-publish","hentry"],"yoast_head":"<!-- This site is optimized with the Yoast SEO plugin v20.12 - https:\/\/yoast.com\/wordpress\/plugins\/seo\/ -->\n<title>Contacta con nosotros - Marta Valera<\/title>\n<meta name=\"description\" content=\"\u00bfQuieres saber m\u00e1s sobre nuestros tratamientos? Contacta con nosotros a trav\u00e9s del formulario. Si prefieres reserva hora por tel\u00e9fono, llama al 670 340 675\" \/>\n<meta name=\"robots\" content=\"index, follow, max-snippet:-1, max-image-preview:large, max-video-preview:-1\" \/>\n<link rel=\"canonical\" href=\"https:\/\/martavalera.com\/es\/contacta-con-nosotros\/\" \/>\n<meta property=\"og:locale\" content=\"es_ES\" \/>\n<meta property=\"og:type\" content=\"article\" \/>\n<meta property=\"og:title\" content=\"Contacta con nosotros - Marta Valera\" \/>\n<meta property=\"og:description\" content=\"\u00bfQuieres saber m\u00e1s sobre nuestros tratamientos? Contacta con nosotros a trav\u00e9s del formulario. Si prefieres reserva hora por tel\u00e9fono, llama al 670 340 675\" \/>\n<meta property=\"og:url\" content=\"https:\/\/martavalera.com\/es\/contacta-con-nosotros\/\" \/>\n<meta property=\"og:site_name\" content=\"Marta Valera\" \/>\n<meta property=\"article:publisher\" content=\"https:\/\/www.facebook.com\/martavaleraterapies\/\" \/>\n<meta property=\"article:modified_time\" content=\"2023-08-16T19:46:11+00:00\" \/>\n<meta name=\"twitter:card\" content=\"summary_large_image\" \/>\n<meta name=\"twitter:label1\" content=\"Tiempo de lectura\" \/>\n\t<meta name=\"twitter:data1\" content=\"2 minutos\" \/>\n<script type=\"application\/ld+json\" class=\"yoast-schema-graph\">{\"@context\":\"https:\/\/schema.org\",\"@graph\":[{\"@type\":\"WebPage\",\"@id\":\"https:\/\/martavalera.com\/es\/contacta-con-nosotros\/\",\"url\":\"https:\/\/martavalera.com\/es\/contacta-con-nosotros\/\",\"name\":\"Contacta con nosotros - Marta Valera\",\"isPartOf\":{\"@id\":\"https:\/\/martavalera.com\/#website\"},\"datePublished\":\"2016-05-03T17:02:38+00:00\",\"dateModified\":\"2023-08-16T19:46:11+00:00\",\"description\":\"\u00bfQuieres saber m\u00e1s sobre nuestros tratamientos? Contacta con nosotros a trav\u00e9s del formulario. Si prefieres reserva hora por tel\u00e9fono, llama al 670 340 675\",\"breadcrumb\":{\"@id\":\"https:\/\/martavalera.com\/es\/contacta-con-nosotros\/#breadcrumb\"},\"inLanguage\":\"es\",\"potentialAction\":[{\"@type\":\"ReadAction\",\"target\":[\"https:\/\/martavalera.com\/es\/contacta-con-nosotros\/\"]}]},{\"@type\":\"BreadcrumbList\",\"@id\":\"https:\/\/martavalera.com\/es\/contacta-con-nosotros\/#breadcrumb\",\"itemListElement\":[{\"@type\":\"ListItem\",\"position\":1,\"name\":\"Inici\",\"item\":\"https:\/\/martavalera.com\/es\/\"},{\"@type\":\"ListItem\",\"position\":2,\"name\":\"Contacta con nosotros\"}]},{\"@type\":\"WebSite\",\"@id\":\"https:\/\/martavalera.com\/#website\",\"url\":\"https:\/\/martavalera.com\/\",\"name\":\"Marta Valera\",\"description\":\"Marta Valera, body therapies\",\"publisher\":{\"@id\":\"https:\/\/martavalera.com\/#organization\"},\"potentialAction\":[{\"@type\":\"SearchAction\",\"target\":{\"@type\":\"EntryPoint\",\"urlTemplate\":\"https:\/\/martavalera.com\/?s={search_term_string}\"},\"query-input\":\"required name=search_term_string\"}],\"inLanguage\":\"es\"},{\"@type\":\"Organization\",\"@id\":\"https:\/\/martavalera.com\/#organization\",\"name\":\"Marta Valera, body therapies\",\"url\":\"https:\/\/martavalera.com\/\",\"logo\":{\"@type\":\"ImageObject\",\"inLanguage\":\"es\",\"@id\":\"https:\/\/martavalera.com\/#\/schema\/logo\/image\/\",\"url\":\"https:\/\/martavalera.com\/wp-content\/uploads\/2016\/05\/Logo_Marta_Valera.png\",\"contentUrl\":\"https:\/\/martavalera.com\/wp-content\/uploads\/2016\/05\/Logo_Marta_Valera.png\",\"width\":290,\"height\":123,\"caption\":\"Marta Valera, body therapies\"},\"image\":{\"@id\":\"https:\/\/martavalera.com\/#\/schema\/logo\/image\/\"},\"sameAs\":[\"https:\/\/www.facebook.com\/martavaleraterapies\/\",\"https:\/\/es.linkedin.com\/in\/marta-valera-lloveras-bb815547\"]}]}<\/script>\n<!-- \/ Yoast SEO plugin. -->","yoast_head_json":{"title":"Contacta con nosotros - Marta Valera","description":"\u00bfQuieres saber m\u00e1s sobre nuestros tratamientos? Contacta con nosotros a trav\u00e9s del formulario. Si prefieres reserva hora por tel\u00e9fono, llama al 670 340 675","robots":{"index":"index","follow":"follow","max-snippet":"max-snippet:-1","max-image-preview":"max-image-preview:large","max-video-preview":"max-video-preview:-1"},"canonical":"https:\/\/martavalera.com\/es\/contacta-con-nosotros\/","og_locale":"es_ES","og_type":"article","og_title":"Contacta con nosotros - Marta Valera","og_description":"\u00bfQuieres saber m\u00e1s sobre nuestros tratamientos? Contacta con nosotros a trav\u00e9s del formulario. Si prefieres reserva hora por tel\u00e9fono, llama al 670 340 675","og_url":"https:\/\/martavalera.com\/es\/contacta-con-nosotros\/","og_site_name":"Marta Valera","article_publisher":"https:\/\/www.facebook.com\/martavaleraterapies\/","article_modified_time":"2023-08-16T19:46:11+00:00","twitter_card":"summary_large_image","twitter_misc":{"Tiempo de lectura":"2 minutos"},"schema":{"@context":"https:\/\/schema.org","@graph":[{"@type":"WebPage","@id":"https:\/\/martavalera.com\/es\/contacta-con-nosotros\/","url":"https:\/\/martavalera.com\/es\/contacta-con-nosotros\/","name":"Contacta con nosotros - Marta Valera","isPartOf":{"@id":"https:\/\/martavalera.com\/#website"},"datePublished":"2016-05-03T17:02:38+00:00","dateModified":"2023-08-16T19:46:11+00:00","description":"\u00bfQuieres saber m\u00e1s sobre nuestros tratamientos? Contacta con nosotros a trav\u00e9s del formulario. Si prefieres reserva hora por tel\u00e9fono, llama al 670 340 675","breadcrumb":{"@id":"https:\/\/martavalera.com\/es\/contacta-con-nosotros\/#breadcrumb"},"inLanguage":"es","potentialAction":[{"@type":"ReadAction","target":["https:\/\/martavalera.com\/es\/contacta-con-nosotros\/"]}]},{"@type":"BreadcrumbList","@id":"https:\/\/martavalera.com\/es\/contacta-con-nosotros\/#breadcrumb","itemListElement":[{"@type":"ListItem","position":1,"name":"Inici","item":"https:\/\/martavalera.com\/es\/"},{"@type":"ListItem","position":2,"name":"Contacta con nosotros"}]},{"@type":"WebSite","@id":"https:\/\/martavalera.com\/#website","url":"https:\/\/martavalera.com\/","name":"Marta Valera","description":"Marta Valera, body therapies","publisher":{"@id":"https:\/\/martavalera.com\/#organization"},"potentialAction":[{"@type":"SearchAction","target":{"@type":"EntryPoint","urlTemplate":"https:\/\/martavalera.com\/?s={search_term_string}"},"query-input":"required name=search_term_string"}],"inLanguage":"es"},{"@type":"Organization","@id":"https:\/\/martavalera.com\/#organization","name":"Marta Valera, body therapies","url":"https:\/\/martavalera.com\/","logo":{"@type":"ImageObject","inLanguage":"es","@id":"https:\/\/martavalera.com\/#\/schema\/logo\/image\/","url":"https:\/\/martavalera.com\/wp-content\/uploads\/2016\/05\/Logo_Marta_Valera.png","contentUrl":"https:\/\/martavalera.com\/wp-content\/uploads\/2016\/05\/Logo_Marta_Valera.png","width":290,"height":123,"caption":"Marta Valera, body therapies"},"image":{"@id":"https:\/\/martavalera.com\/#\/schema\/logo\/image\/"},"sameAs":["https:\/\/www.facebook.com\/martavaleraterapies\/","https:\/\/es.linkedin.com\/in\/marta-valera-lloveras-bb815547"]}]}},"_links":{"self":[{"href":"https:\/\/martavalera.com\/es\/wp-json\/wp\/v2\/pages\/2976","targetHints":{"allow":["GET"]}}],"collection":[{"href":"https:\/\/martavalera.com\/es\/wp-json\/wp\/v2\/pages"}],"about":[{"href":"https:\/\/martavalera.com\/es\/wp-json\/wp\/v2\/types\/page"}],"author":[{"embeddable":true,"href":"https:\/\/martavalera.com\/es\/wp-json\/wp\/v2\/users\/1"}],"replies":[{"embeddable":true,"href":"https:\/\/martavalera.com\/es\/wp-json\/wp\/v2\/comments?post=2976"}],"version-history":[{"count":17,"href":"https:\/\/martavalera.com\/es\/wp-json\/wp\/v2\/pages\/2976\/revisions"}],"predecessor-version":[{"id":4954,"href":"https:\/\/martavalera.com\/es\/wp-json\/wp\/v2\/pages\/2976\/revisions\/4954"}],"wp:attachment":[{"href":"https:\/\/martavalera.com\/es\/wp-json\/wp\/v2\/media?parent=2976"}],"curies":[{"name":"wp","href":"https:\/\/api.w.org\/{rel}","templated":true}]}}